{"id":87950,"date":"2023-11-16T11:04:28","date_gmt":"2023-11-16T10:04:28","guid":{"rendered":"https:\/\/nomadcoffee.es\/?post_type=product&#038;p=87950"},"modified":"2023-11-16T11:04:16","modified_gmt":"2023-11-16T10:04:16","slug":"la-colina-competicion","status":"publish","type":"product","link":"https:\/\/subs.nomadcoffee.es\/ca\/producte\/la-colina-competicion\/","title":{"rendered":"La Colina"},"content":{"rendered":"<p>La finca La Colina, anomenada aix\u00ed per les elevacions del terreny i el tur\u00f3 on es troba, va heretar-la el pare de Tony Medina, qui va decidir donar-li aquest nom a la finca. Heret\u00e0 la parcel\u00b7la del seu pare, qui va distribuir la seva finca en parcel\u00b7les m\u00e9s petites entre tots els seus fills.<\/p>\n<p>Inicialment, Tony nom\u00e9s va conrear cereals b\u00e0sics com el blat de moro i les mongetes. Per\u00f2 sempre havia estat el seu somni tenir una finca cafetera. I des de molt jove, quan encara no tenia res, va comen\u00e7ar a treballar en diferents finques cafeteres per aprendre i adquirir experi\u00e8ncia.<\/p>\n<p>El 1991 va plantar el primer cafeto. De manera lenta per\u00f2 constant, Tony va augmentar la quantitat d&#8217;arbres i la producci\u00f3. Despr\u00e9s de 25 anys, Tony conclou que el seu somni s&#8217;ha fet realitat. Reconeix que la perseveran\u00e7a ha donat els seus fruits.<\/p>\n<p>Vol plantar altres varietats per millorar encara m\u00e9s la seva qualitat. Un altre pla que t\u00e9 en ment \u00e9s treballar amb llits elevats africans per millorar el seu assecat i la qualitat general del caf\u00e8.<\/p>\n<p><strong>Proc\u00e9s<\/strong><\/p>\n<p>Antonio va plantar aquesta c\u00e8lebre varietat de caf\u00e8 a la seva finca malgrat requerir molta atenci\u00f3 i cura, i aquesta bella collita en \u00e9s el resultat. El caf\u00e8 es collita amb cura en el punt \u00f2ptim de maduresa i s&#8217;hi trasllada el mateix dia als despolpadores en el benefici humit. El caf\u00e8 es despolpa i es deixa en fermentaci\u00f3 seca durant 32 hores, una fermentaci\u00f3 llarga i lenta que funciona de meravella per a aquesta collita especial. Despr\u00e9s, el caf\u00e8 es renta amb cura i s&#8217;hi deixa assecar al pati. Aquest caf\u00e8 roman al pati durant 10 dies i s&#8217;hi gira sovint per assegurar un assecat complet i uniforme.<\/p>\n","protected":false},"excerpt":{"rendered":"<p>La finca La Colina, anomenada aix\u00ed per les elevacions del terreny i el tur\u00f3 on es troba, va heretar-la el [&hellip;]<\/p>\n","protected":false},"featured_media":87913,"template":"","meta":[],"product_cat":[137,475,476],"product_tag":[1107,1660,617],"acf":[],"yoast_head":"<!-- This site is optimized with the Yoast SEO plugin v22.6 - https:\/\/yoast.com\/wordpress\/plugins\/seo\/ -->\n<title>La Colina - NOMAD<\/title>\n<meta name=\"description\" content=\"Frag\u00e0ncia dol\u00e7a, notes tropicals i c\u00edtriques de papaia i taronja. Cos crem\u00f3s, mel, acidesa jugosa amb tocs refrescants de pomelo.\" \/>\n<meta name=\"robots\" content=\"noindex, follow, max-snippet:-1, max-image-preview:large, max-video-preview:-1\" \/>\n<meta property=\"og:locale\" content=\"ca_ES\" \/>\n<meta property=\"og:type\" content=\"article\" \/>\n<meta property=\"og:title\" content=\"La Colina - NOMAD\" \/>\n<meta property=\"og:description\" content=\"Frag\u00e0ncia dol\u00e7a, notes tropicals i c\u00edtriques de papaia i taronja. Cos crem\u00f3s, mel, acidesa jugosa amb tocs refrescants de pomelo.\" \/>\n<meta property=\"og:url\" content=\"https:\/\/subs.nomadcoffee.es\/ca\/producte\/la-colina-competicion\/\" \/>\n<meta property=\"og:site_name\" content=\"NOMAD\" \/>\n<meta property=\"article:modified_time\" content=\"2023-11-16T10:04:16+00:00\" \/>\n<meta property=\"og:image\" content=\"https:\/\/subs.nomadcoffee.es\/wp-content\/uploads\/2023\/11\/C.GU_.COLI_.jpg\" \/>\n\t<meta property=\"og:image:width\" content=\"2000\" \/>\n\t<meta property=\"og:image:height\" content=\"2000\" \/>\n\t<meta property=\"og:image:type\" content=\"image\/jpeg\" \/>\n<meta name=\"twitter:card\" content=\"summary_large_image\" \/>\n<meta name=\"twitter:label1\" content=\"Temps estimat de lectura\" \/>\n\t<meta name=\"twitter:data1\" content=\"2 minuts\" \/>\n<script type=\"application\/ld+json\" class=\"yoast-schema-graph\">{\"@context\":\"https:\/\/schema.org\",\"@graph\":[{\"@type\":\"WebPage\",\"@id\":\"https:\/\/subs.nomadcoffee.es\/ca\/producte\/la-colina-competicion\/\",\"url\":\"https:\/\/subs.nomadcoffee.es\/ca\/producte\/la-colina-competicion\/\",\"name\":\"La Colina - NOMAD\",\"isPartOf\":{\"@id\":\"https:\/\/subs.nomadcoffee.es\/ca\/#website\"},\"primaryImageOfPage\":{\"@id\":\"https:\/\/subs.nomadcoffee.es\/ca\/producte\/la-colina-competicion\/#primaryimage\"},\"image\":{\"@id\":\"https:\/\/subs.nomadcoffee.es\/ca\/producte\/la-colina-competicion\/#primaryimage\"},\"thumbnailUrl\":\"https:\/\/subs.nomadcoffee.es\/wp-content\/uploads\/2023\/11\/C.GU_.COLI_.jpg\",\"datePublished\":\"2023-11-16T10:04:28+00:00\",\"dateModified\":\"2023-11-16T10:04:16+00:00\",\"description\":\"Frag\u00e0ncia dol\u00e7a, notes tropicals i c\u00edtriques de papaia i taronja. Cos crem\u00f3s, mel, acidesa jugosa amb tocs refrescants de pomelo.\",\"breadcrumb\":{\"@id\":\"https:\/\/subs.nomadcoffee.es\/ca\/producte\/la-colina-competicion\/#breadcrumb\"},\"inLanguage\":\"ca\",\"potentialAction\":[{\"@type\":\"ReadAction\",\"target\":[\"https:\/\/subs.nomadcoffee.es\/ca\/producte\/la-colina-competicion\/\"]}]},{\"@type\":\"ImageObject\",\"inLanguage\":\"ca\",\"@id\":\"https:\/\/subs.nomadcoffee.es\/ca\/producte\/la-colina-competicion\/#primaryimage\",\"url\":\"https:\/\/subs.nomadcoffee.es\/wp-content\/uploads\/2023\/11\/C.GU_.COLI_.jpg\",\"contentUrl\":\"https:\/\/subs.nomadcoffee.es\/wp-content\/uploads\/2023\/11\/C.GU_.COLI_.jpg\",\"width\":2000,\"height\":2000},{\"@type\":\"BreadcrumbList\",\"@id\":\"https:\/\/subs.nomadcoffee.es\/ca\/producte\/la-colina-competicion\/#breadcrumb\",\"itemListElement\":[{\"@type\":\"ListItem\",\"position\":1,\"name\":\"Portada\",\"item\":\"https:\/\/subs.nomadcoffee.es\/ca\/\"},{\"@type\":\"ListItem\",\"position\":2,\"name\":\"Tienda\",\"item\":\"https:\/\/subs.nomadcoffee.es\/tienda\/\"},{\"@type\":\"ListItem\",\"position\":3,\"name\":\"La Colina\"}]},{\"@type\":\"WebSite\",\"@id\":\"https:\/\/subs.nomadcoffee.es\/ca\/#website\",\"url\":\"https:\/\/subs.nomadcoffee.es\/ca\/\",\"name\":\"Nomad Coffee\",\"description\":\"Caf\u00e9 de origen, tostado en Barcelona\",\"publisher\":{\"@id\":\"https:\/\/subs.nomadcoffee.es\/ca\/#organization\"},\"alternateName\":\"Nomad Coffee\",\"potentialAction\":[{\"@type\":\"SearchAction\",\"target\":{\"@type\":\"EntryPoint\",\"urlTemplate\":\"https:\/\/subs.nomadcoffee.es\/ca\/?s={search_term_string}\"},\"query-input\":\"required name=search_term_string\"}],\"inLanguage\":\"ca\"},{\"@type\":\"Organization\",\"@id\":\"https:\/\/subs.nomadcoffee.es\/ca\/#organization\",\"name\":\"Nomad Coffee\",\"alternateName\":\"Nomad Coffee\",\"url\":\"https:\/\/subs.nomadcoffee.es\/ca\/\",\"logo\":{\"@type\":\"ImageObject\",\"inLanguage\":\"ca\",\"@id\":\"https:\/\/subs.nomadcoffee.es\/ca\/#\/schema\/logo\/image\/\",\"url\":\"https:\/\/nomadcoffee.es\/wp-content\/uploads\/2023\/05\/logo-Nomad.jpg\",\"contentUrl\":\"https:\/\/nomadcoffee.es\/wp-content\/uploads\/2023\/05\/logo-Nomad.jpg\",\"width\":200,\"height\":200,\"caption\":\"Nomad Coffee\"},\"image\":{\"@id\":\"https:\/\/subs.nomadcoffee.es\/ca\/#\/schema\/logo\/image\/\"}}]}<\/script>\n<!-- \/ Yoast SEO plugin. -->","yoast_head_json":{"title":"La Colina - NOMAD","description":"Frag\u00e0ncia dol\u00e7a, notes tropicals i c\u00edtriques de papaia i taronja. Cos crem\u00f3s, mel, acidesa jugosa amb tocs refrescants de pomelo.","robots":{"index":"noindex","follow":"follow","max-snippet":"max-snippet:-1","max-image-preview":"max-image-preview:large","max-video-preview":"max-video-preview:-1"},"og_locale":"ca_ES","og_type":"article","og_title":"La Colina - NOMAD","og_description":"Frag\u00e0ncia dol\u00e7a, notes tropicals i c\u00edtriques de papaia i taronja. Cos crem\u00f3s, mel, acidesa jugosa amb tocs refrescants de pomelo.","og_url":"https:\/\/subs.nomadcoffee.es\/ca\/producte\/la-colina-competicion\/","og_site_name":"NOMAD","article_modified_time":"2023-11-16T10:04:16+00:00","og_image":[{"width":2000,"height":2000,"url":"https:\/\/subs.nomadcoffee.es\/wp-content\/uploads\/2023\/11\/C.GU_.COLI_.jpg","type":"image\/jpeg"}],"twitter_card":"summary_large_image","twitter_misc":{"Temps estimat de lectura":"2 minuts"},"schema":{"@context":"https:\/\/schema.org","@graph":[{"@type":"WebPage","@id":"https:\/\/subs.nomadcoffee.es\/ca\/producte\/la-colina-competicion\/","url":"https:\/\/subs.nomadcoffee.es\/ca\/producte\/la-colina-competicion\/","name":"La Colina - NOMAD","isPartOf":{"@id":"https:\/\/subs.nomadcoffee.es\/ca\/#website"},"primaryImageOfPage":{"@id":"https:\/\/subs.nomadcoffee.es\/ca\/producte\/la-colina-competicion\/#primaryimage"},"image":{"@id":"https:\/\/subs.nomadcoffee.es\/ca\/producte\/la-colina-competicion\/#primaryimage"},"thumbnailUrl":"https:\/\/subs.nomadcoffee.es\/wp-content\/uploads\/2023\/11\/C.GU_.COLI_.jpg","datePublished":"2023-11-16T10:04:28+00:00","dateModified":"2023-11-16T10:04:16+00:00","description":"Frag\u00e0ncia dol\u00e7a, notes tropicals i c\u00edtriques de papaia i taronja. Cos crem\u00f3s, mel, acidesa jugosa amb tocs refrescants de pomelo.","breadcrumb":{"@id":"https:\/\/subs.nomadcoffee.es\/ca\/producte\/la-colina-competicion\/#breadcrumb"},"inLanguage":"ca","potentialAction":[{"@type":"ReadAction","target":["https:\/\/subs.nomadcoffee.es\/ca\/producte\/la-colina-competicion\/"]}]},{"@type":"ImageObject","inLanguage":"ca","@id":"https:\/\/subs.nomadcoffee.es\/ca\/producte\/la-colina-competicion\/#primaryimage","url":"https:\/\/subs.nomadcoffee.es\/wp-content\/uploads\/2023\/11\/C.GU_.COLI_.jpg","contentUrl":"https:\/\/subs.nomadcoffee.es\/wp-content\/uploads\/2023\/11\/C.GU_.COLI_.jpg","width":2000,"height":2000},{"@type":"BreadcrumbList","@id":"https:\/\/subs.nomadcoffee.es\/ca\/producte\/la-colina-competicion\/#breadcrumb","itemListElement":[{"@type":"ListItem","position":1,"name":"Portada","item":"https:\/\/subs.nomadcoffee.es\/ca\/"},{"@type":"ListItem","position":2,"name":"Tienda","item":"https:\/\/subs.nomadcoffee.es\/tienda\/"},{"@type":"ListItem","position":3,"name":"La Colina"}]},{"@type":"WebSite","@id":"https:\/\/subs.nomadcoffee.es\/ca\/#website","url":"https:\/\/subs.nomadcoffee.es\/ca\/","name":"Nomad Coffee","description":"Caf\u00e9 de origen, tostado en Barcelona","publisher":{"@id":"https:\/\/subs.nomadcoffee.es\/ca\/#organization"},"alternateName":"Nomad Coffee","potentialAction":[{"@type":"SearchAction","target":{"@type":"EntryPoint","urlTemplate":"https:\/\/subs.nomadcoffee.es\/ca\/?s={search_term_string}"},"query-input":"required name=search_term_string"}],"inLanguage":"ca"},{"@type":"Organization","@id":"https:\/\/subs.nomadcoffee.es\/ca\/#organization","name":"Nomad Coffee","alternateName":"Nomad Coffee","url":"https:\/\/subs.nomadcoffee.es\/ca\/","logo":{"@type":"ImageObject","inLanguage":"ca","@id":"https:\/\/subs.nomadcoffee.es\/ca\/#\/schema\/logo\/image\/","url":"https:\/\/nomadcoffee.es\/wp-content\/uploads\/2023\/05\/logo-Nomad.jpg","contentUrl":"https:\/\/nomadcoffee.es\/wp-content\/uploads\/2023\/05\/logo-Nomad.jpg","width":200,"height":200,"caption":"Nomad Coffee"},"image":{"@id":"https:\/\/subs.nomadcoffee.es\/ca\/#\/schema\/logo\/image\/"}}]}},"_links":{"self":[{"href":"https:\/\/subs.nomadcoffee.es\/ca\/wp-json\/wp\/v2\/product\/87950"}],"collection":[{"href":"https:\/\/subs.nomadcoffee.es\/ca\/wp-json\/wp\/v2\/product"}],"about":[{"href":"https:\/\/subs.nomadcoffee.es\/ca\/wp-json\/wp\/v2\/types\/product"}],"wp:featuredmedia":[{"embeddable":true,"href":"https:\/\/subs.nomadcoffee.es\/ca\/wp-json\/wp\/v2\/media\/87913"}],"wp:attachment":[{"href":"https:\/\/subs.nomadcoffee.es\/ca\/wp-json\/wp\/v2\/media?parent=87950"}],"wp:term":[{"taxonomy":"product_cat","embeddable":true,"href":"https:\/\/subs.nomadcoffee.es\/ca\/wp-json\/wp\/v2\/product_cat?post=87950"},{"taxonomy":"product_tag","embeddable":true,"href":"https:\/\/subs.nomadcoffee.es\/ca\/wp-json\/wp\/v2\/product_tag?post=87950"}],"curies":[{"name":"wp","href":"https:\/\/api.w.org\/{rel}","templated":true}]}}