{"id":14427,"date":"2020-03-24T11:04:05","date_gmt":"2020-03-24T10:04:05","guid":{"rendered":"http:\/\/nomadcoffee.es\/newsletter\/"},"modified":"2020-04-29T13:18:29","modified_gmt":"2020-04-29T11:18:29","slug":"newsletter","status":"publish","type":"page","link":"https:\/\/subs.nomadcoffee.es\/en\/newsletter\/","title":{"rendered":"Newsletter"},"content":{"rendered":"<p>Receive delicious coffee stories and the latest news.<\/p>\n<p>[mc4wp_form id=&#8221;13382&#8243;]<\/p>\n","protected":false},"excerpt":{"rendered":"<p>Receive delicious coffee stories and the latest news. [mc4wp_form id=&#8221;13382&#8243;]<\/p>\n","protected":false},"author":5,"featured_media":0,"parent":0,"menu_order":0,"comment_status":"closed","ping_status":"closed","template":"page-newsletter.php","meta":{"footnotes":""},"acf":[],"yoast_head":"<!-- This site is optimized with the Yoast SEO plugin v22.6 - https:\/\/yoast.com\/wordpress\/plugins\/seo\/ -->\n<title>Newsletter - NOMAD<\/title>\n<meta name=\"description\" content=\"Suscribete a la newsletter de NOMAD y recibe historias de caf\u00e9s deliciosos y las \u00faltimas novedades del caf\u00e9 de especialidad en Barcelona.\" \/>\n<meta name=\"robots\" content=\"noindex, follow, max-snippet:-1, max-image-preview:large, max-video-preview:-1\" \/>\n<meta property=\"og:locale\" content=\"en_US\" \/>\n<meta property=\"og:type\" content=\"article\" \/>\n<meta property=\"og:title\" content=\"Newsletter - NOMAD\" \/>\n<meta property=\"og:description\" content=\"Suscribete a la newsletter de NOMAD y recibe historias de caf\u00e9s deliciosos y las \u00faltimas novedades del caf\u00e9 de especialidad en Barcelona.\" \/>\n<meta property=\"og:url\" content=\"https:\/\/subs.nomadcoffee.es\/en\/newsletter\/\" \/>\n<meta property=\"og:site_name\" content=\"NOMAD\" \/>\n<meta property=\"article:modified_time\" content=\"2020-04-29T11:18:29+00:00\" \/>\n<meta name=\"twitter:card\" content=\"summary_large_image\" \/>\n<script type=\"application\/ld+json\" class=\"yoast-schema-graph\">{\"@context\":\"https:\/\/schema.org\",\"@graph\":[{\"@type\":\"WebPage\",\"@id\":\"https:\/\/subs.nomadcoffee.es\/en\/newsletter\/\",\"url\":\"https:\/\/subs.nomadcoffee.es\/en\/newsletter\/\",\"name\":\"Newsletter - NOMAD\",\"isPartOf\":{\"@id\":\"https:\/\/subs.nomadcoffee.es\/en\/#website\"},\"datePublished\":\"2020-03-24T10:04:05+00:00\",\"dateModified\":\"2020-04-29T11:18:29+00:00\",\"description\":\"Suscribete a la newsletter de NOMAD y recibe historias de caf\u00e9s deliciosos y las \u00faltimas novedades del caf\u00e9 de especialidad en Barcelona.\",\"breadcrumb\":{\"@id\":\"https:\/\/subs.nomadcoffee.es\/en\/newsletter\/#breadcrumb\"},\"inLanguage\":\"en-US\",\"potentialAction\":[{\"@type\":\"ReadAction\",\"target\":[\"https:\/\/subs.nomadcoffee.es\/en\/newsletter\/\"]}]},{\"@type\":\"BreadcrumbList\",\"@id\":\"https:\/\/subs.nomadcoffee.es\/en\/newsletter\/#breadcrumb\",\"itemListElement\":[{\"@type\":\"ListItem\",\"position\":1,\"name\":\"Portada\",\"item\":\"https:\/\/subs.nomadcoffee.es\/en\/\"},{\"@type\":\"ListItem\",\"position\":2,\"name\":\"Newsletter\"}]},{\"@type\":\"WebSite\",\"@id\":\"https:\/\/subs.nomadcoffee.es\/en\/#website\",\"url\":\"https:\/\/subs.nomadcoffee.es\/en\/\",\"name\":\"Nomad Coffee\",\"description\":\"Caf\u00e9 de origen reci\u00e9n tostado en Barcelona\",\"publisher\":{\"@id\":\"https:\/\/subs.nomadcoffee.es\/en\/#organization\"},\"alternateName\":\"Nomad Coffee\",\"potentialAction\":[{\"@type\":\"SearchAction\",\"target\":{\"@type\":\"EntryPoint\",\"urlTemplate\":\"https:\/\/subs.nomadcoffee.es\/en\/?s={search_term_string}\"},\"query-input\":\"required name=search_term_string\"}],\"inLanguage\":\"en-US\"},{\"@type\":\"Organization\",\"@id\":\"https:\/\/subs.nomadcoffee.es\/en\/#organization\",\"name\":\"Nomad Coffee\",\"alternateName\":\"Nomad Coffee\",\"url\":\"https:\/\/subs.nomadcoffee.es\/en\/\",\"logo\":{\"@type\":\"ImageObject\",\"inLanguage\":\"en-US\",\"@id\":\"https:\/\/subs.nomadcoffee.es\/en\/#\/schema\/logo\/image\/\",\"url\":\"https:\/\/nomadcoffee.es\/wp-content\/uploads\/2023\/05\/logo-Nomad.jpg\",\"contentUrl\":\"https:\/\/nomadcoffee.es\/wp-content\/uploads\/2023\/05\/logo-Nomad.jpg\",\"width\":200,\"height\":200,\"caption\":\"Nomad Coffee\"},\"image\":{\"@id\":\"https:\/\/subs.nomadcoffee.es\/en\/#\/schema\/logo\/image\/\"}}]}<\/script>\n<!-- \/ Yoast SEO plugin. -->","yoast_head_json":{"title":"Newsletter - NOMAD","description":"Suscribete a la newsletter de NOMAD y recibe historias de caf\u00e9s deliciosos y las \u00faltimas novedades del caf\u00e9 de especialidad en Barcelona.","robots":{"index":"noindex","follow":"follow","max-snippet":"max-snippet:-1","max-image-preview":"max-image-preview:large","max-video-preview":"max-video-preview:-1"},"og_locale":"en_US","og_type":"article","og_title":"Newsletter - NOMAD","og_description":"Suscribete a la newsletter de NOMAD y recibe historias de caf\u00e9s deliciosos y las \u00faltimas novedades del caf\u00e9 de especialidad en Barcelona.","og_url":"https:\/\/subs.nomadcoffee.es\/en\/newsletter\/","og_site_name":"NOMAD","article_modified_time":"2020-04-29T11:18:29+00:00","twitter_card":"summary_large_image","schema":{"@context":"https:\/\/schema.org","@graph":[{"@type":"WebPage","@id":"https:\/\/subs.nomadcoffee.es\/en\/newsletter\/","url":"https:\/\/subs.nomadcoffee.es\/en\/newsletter\/","name":"Newsletter - NOMAD","isPartOf":{"@id":"https:\/\/subs.nomadcoffee.es\/en\/#website"},"datePublished":"2020-03-24T10:04:05+00:00","dateModified":"2020-04-29T11:18:29+00:00","description":"Suscribete a la newsletter de NOMAD y recibe historias de caf\u00e9s deliciosos y las \u00faltimas novedades del caf\u00e9 de especialidad en Barcelona.","breadcrumb":{"@id":"https:\/\/subs.nomadcoffee.es\/en\/newsletter\/#breadcrumb"},"inLanguage":"en-US","potentialAction":[{"@type":"ReadAction","target":["https:\/\/subs.nomadcoffee.es\/en\/newsletter\/"]}]},{"@type":"BreadcrumbList","@id":"https:\/\/subs.nomadcoffee.es\/en\/newsletter\/#breadcrumb","itemListElement":[{"@type":"ListItem","position":1,"name":"Portada","item":"https:\/\/subs.nomadcoffee.es\/en\/"},{"@type":"ListItem","position":2,"name":"Newsletter"}]},{"@type":"WebSite","@id":"https:\/\/subs.nomadcoffee.es\/en\/#website","url":"https:\/\/subs.nomadcoffee.es\/en\/","name":"Nomad Coffee","description":"Caf\u00e9 de origen reci\u00e9n tostado en Barcelona","publisher":{"@id":"https:\/\/subs.nomadcoffee.es\/en\/#organization"},"alternateName":"Nomad Coffee","potentialAction":[{"@type":"SearchAction","target":{"@type":"EntryPoint","urlTemplate":"https:\/\/subs.nomadcoffee.es\/en\/?s={search_term_string}"},"query-input":"required name=search_term_string"}],"inLanguage":"en-US"},{"@type":"Organization","@id":"https:\/\/subs.nomadcoffee.es\/en\/#organization","name":"Nomad Coffee","alternateName":"Nomad Coffee","url":"https:\/\/subs.nomadcoffee.es\/en\/","logo":{"@type":"ImageObject","inLanguage":"en-US","@id":"https:\/\/subs.nomadcoffee.es\/en\/#\/schema\/logo\/image\/","url":"https:\/\/nomadcoffee.es\/wp-content\/uploads\/2023\/05\/logo-Nomad.jpg","contentUrl":"https:\/\/nomadcoffee.es\/wp-content\/uploads\/2023\/05\/logo-Nomad.jpg","width":200,"height":200,"caption":"Nomad Coffee"},"image":{"@id":"https:\/\/subs.nomadcoffee.es\/en\/#\/schema\/logo\/image\/"}}]}},"_links":{"self":[{"href":"https:\/\/subs.nomadcoffee.es\/en\/wp-json\/wp\/v2\/pages\/14427"}],"collection":[{"href":"https:\/\/subs.nomadcoffee.es\/en\/wp-json\/wp\/v2\/pages"}],"about":[{"href":"https:\/\/subs.nomadcoffee.es\/en\/wp-json\/wp\/v2\/types\/page"}],"author":[{"embeddable":true,"href":"https:\/\/subs.nomadcoffee.es\/en\/wp-json\/wp\/v2\/users\/5"}],"replies":[{"embeddable":true,"href":"https:\/\/subs.nomadcoffee.es\/en\/wp-json\/wp\/v2\/comments?post=14427"}],"version-history":[{"count":6,"href":"https:\/\/subs.nomadcoffee.es\/en\/wp-json\/wp\/v2\/pages\/14427\/revisions"}],"predecessor-version":[{"id":16347,"href":"https:\/\/subs.nomadcoffee.es\/en\/wp-json\/wp\/v2\/pages\/14427\/revisions\/16347"}],"wp:attachment":[{"href":"https:\/\/subs.nomadcoffee.es\/en\/wp-json\/wp\/v2\/media?parent=14427"}],"curies":[{"name":"wp","href":"https:\/\/api.w.org\/{rel}","templated":true}]}}