{"id":65470,"date":"2022-02-17T14:23:35","date_gmt":"2022-02-17T13:23:35","guid":{"rendered":"https:\/\/nomadcoffee.es\/?page_id=65470"},"modified":"2022-10-07T13:35:33","modified_gmt":"2022-10-07T11:35:33","slug":"doubts-about-my-subscription","status":"publish","type":"page","link":"https:\/\/subs.nomadcoffee.es\/en\/doubts-about-my-subscription\/","title":{"rendered":"Doubts about my subscription"},"content":{"rendered":"<p style=\"text-align: center;\">Do you have a subscription with us and need to make some changes?<\/p>\n","protected":false},"excerpt":{"rendered":"<p>Do you have a subscription with us and need to make some changes?<\/p>\n","protected":false},"author":1098,"featured_media":0,"parent":0,"menu_order":0,"comment_status":"closed","ping_status":"closed","template":"page-politica-envios.php","meta":{"footnotes":""},"acf":[],"yoast_head":"<!-- This site is optimized with the Yoast SEO plugin v22.6 - https:\/\/yoast.com\/wordpress\/plugins\/seo\/ -->\n<title>Doubts about my subscription - NOMAD COFFEE<\/title>\n<meta name=\"description\" content=\"\u00bfMi env\u00edo ser\u00e1 gratuito? \u00bfCu\u00e1nto tardar\u00e1 mi pedido? Si quieres saber c\u00f3mo funcionan nuestros env\u00edos este es tu enlace.\" \/>\n<meta name=\"robots\" content=\"noindex, follow, max-snippet:-1, max-image-preview:large, max-video-preview:-1\" \/>\n<meta property=\"og:locale\" content=\"en_US\" \/>\n<meta property=\"og:type\" content=\"article\" \/>\n<meta property=\"og:title\" content=\"Doubts about my subscription - NOMAD COFFEE\" \/>\n<meta property=\"og:description\" content=\"\u00bfMi env\u00edo ser\u00e1 gratuito? \u00bfCu\u00e1nto tardar\u00e1 mi pedido? Si quieres saber c\u00f3mo funcionan nuestros env\u00edos este es tu enlace.\" \/>\n<meta property=\"og:url\" content=\"https:\/\/subs.nomadcoffee.es\/en\/doubts-about-my-subscription\/\" \/>\n<meta property=\"og:site_name\" content=\"NOMAD\" \/>\n<meta property=\"article:modified_time\" content=\"2022-10-07T11:35:33+00:00\" \/>\n<meta name=\"twitter:card\" content=\"summary_large_image\" \/>\n<meta name=\"twitter:label1\" content=\"Est. reading time\" \/>\n\t<meta name=\"twitter:data1\" content=\"1 minute\" \/>\n<script type=\"application\/ld+json\" class=\"yoast-schema-graph\">{\"@context\":\"https:\/\/schema.org\",\"@graph\":[{\"@type\":\"WebPage\",\"@id\":\"https:\/\/subs.nomadcoffee.es\/en\/doubts-about-my-subscription\/\",\"url\":\"https:\/\/subs.nomadcoffee.es\/en\/doubts-about-my-subscription\/\",\"name\":\"Doubts about my subscription - NOMAD COFFEE\",\"isPartOf\":{\"@id\":\"https:\/\/subs.nomadcoffee.es\/en\/#website\"},\"datePublished\":\"2022-02-17T13:23:35+00:00\",\"dateModified\":\"2022-10-07T11:35:33+00:00\",\"description\":\"\u00bfMi env\u00edo ser\u00e1 gratuito? \u00bfCu\u00e1nto tardar\u00e1 mi pedido? Si quieres saber c\u00f3mo funcionan nuestros env\u00edos este es tu enlace.\",\"breadcrumb\":{\"@id\":\"https:\/\/subs.nomadcoffee.es\/en\/doubts-about-my-subscription\/#breadcrumb\"},\"inLanguage\":\"en-US\",\"potentialAction\":[{\"@type\":\"ReadAction\",\"target\":[\"https:\/\/subs.nomadcoffee.es\/en\/doubts-about-my-subscription\/\"]}]},{\"@type\":\"BreadcrumbList\",\"@id\":\"https:\/\/subs.nomadcoffee.es\/en\/doubts-about-my-subscription\/#breadcrumb\",\"itemListElement\":[{\"@type\":\"ListItem\",\"position\":1,\"name\":\"Portada\",\"item\":\"https:\/\/subs.nomadcoffee.es\/en\/\"},{\"@type\":\"ListItem\",\"position\":2,\"name\":\"Doubts about my subscription\"}]},{\"@type\":\"WebSite\",\"@id\":\"https:\/\/subs.nomadcoffee.es\/en\/#website\",\"url\":\"https:\/\/subs.nomadcoffee.es\/en\/\",\"name\":\"Nomad Coffee\",\"description\":\"Caf\u00e9 de origen reci\u00e9n tostado en Barcelona\",\"publisher\":{\"@id\":\"https:\/\/subs.nomadcoffee.es\/en\/#organization\"},\"alternateName\":\"Nomad Coffee\",\"potentialAction\":[{\"@type\":\"SearchAction\",\"target\":{\"@type\":\"EntryPoint\",\"urlTemplate\":\"https:\/\/subs.nomadcoffee.es\/en\/?s={search_term_string}\"},\"query-input\":\"required name=search_term_string\"}],\"inLanguage\":\"en-US\"},{\"@type\":\"Organization\",\"@id\":\"https:\/\/subs.nomadcoffee.es\/en\/#organization\",\"name\":\"Nomad Coffee\",\"alternateName\":\"Nomad Coffee\",\"url\":\"https:\/\/subs.nomadcoffee.es\/en\/\",\"logo\":{\"@type\":\"ImageObject\",\"inLanguage\":\"en-US\",\"@id\":\"https:\/\/subs.nomadcoffee.es\/en\/#\/schema\/logo\/image\/\",\"url\":\"https:\/\/nomadcoffee.es\/wp-content\/uploads\/2023\/05\/logo-Nomad.jpg\",\"contentUrl\":\"https:\/\/nomadcoffee.es\/wp-content\/uploads\/2023\/05\/logo-Nomad.jpg\",\"width\":200,\"height\":200,\"caption\":\"Nomad Coffee\"},\"image\":{\"@id\":\"https:\/\/subs.nomadcoffee.es\/en\/#\/schema\/logo\/image\/\"}}]}<\/script>\n<!-- \/ Yoast SEO plugin. -->","yoast_head_json":{"title":"Doubts about my subscription - NOMAD COFFEE","description":"\u00bfMi env\u00edo ser\u00e1 gratuito? \u00bfCu\u00e1nto tardar\u00e1 mi pedido? Si quieres saber c\u00f3mo funcionan nuestros env\u00edos este es tu enlace.","robots":{"index":"noindex","follow":"follow","max-snippet":"max-snippet:-1","max-image-preview":"max-image-preview:large","max-video-preview":"max-video-preview:-1"},"og_locale":"en_US","og_type":"article","og_title":"Doubts about my subscription - NOMAD COFFEE","og_description":"\u00bfMi env\u00edo ser\u00e1 gratuito? \u00bfCu\u00e1nto tardar\u00e1 mi pedido? Si quieres saber c\u00f3mo funcionan nuestros env\u00edos este es tu enlace.","og_url":"https:\/\/subs.nomadcoffee.es\/en\/doubts-about-my-subscription\/","og_site_name":"NOMAD","article_modified_time":"2022-10-07T11:35:33+00:00","twitter_card":"summary_large_image","twitter_misc":{"Est. reading time":"1 minute"},"schema":{"@context":"https:\/\/schema.org","@graph":[{"@type":"WebPage","@id":"https:\/\/subs.nomadcoffee.es\/en\/doubts-about-my-subscription\/","url":"https:\/\/subs.nomadcoffee.es\/en\/doubts-about-my-subscription\/","name":"Doubts about my subscription - NOMAD COFFEE","isPartOf":{"@id":"https:\/\/subs.nomadcoffee.es\/en\/#website"},"datePublished":"2022-02-17T13:23:35+00:00","dateModified":"2022-10-07T11:35:33+00:00","description":"\u00bfMi env\u00edo ser\u00e1 gratuito? \u00bfCu\u00e1nto tardar\u00e1 mi pedido? Si quieres saber c\u00f3mo funcionan nuestros env\u00edos este es tu enlace.","breadcrumb":{"@id":"https:\/\/subs.nomadcoffee.es\/en\/doubts-about-my-subscription\/#breadcrumb"},"inLanguage":"en-US","potentialAction":[{"@type":"ReadAction","target":["https:\/\/subs.nomadcoffee.es\/en\/doubts-about-my-subscription\/"]}]},{"@type":"BreadcrumbList","@id":"https:\/\/subs.nomadcoffee.es\/en\/doubts-about-my-subscription\/#breadcrumb","itemListElement":[{"@type":"ListItem","position":1,"name":"Portada","item":"https:\/\/subs.nomadcoffee.es\/en\/"},{"@type":"ListItem","position":2,"name":"Doubts about my subscription"}]},{"@type":"WebSite","@id":"https:\/\/subs.nomadcoffee.es\/en\/#website","url":"https:\/\/subs.nomadcoffee.es\/en\/","name":"Nomad Coffee","description":"Caf\u00e9 de origen reci\u00e9n tostado en Barcelona","publisher":{"@id":"https:\/\/subs.nomadcoffee.es\/en\/#organization"},"alternateName":"Nomad Coffee","potentialAction":[{"@type":"SearchAction","target":{"@type":"EntryPoint","urlTemplate":"https:\/\/subs.nomadcoffee.es\/en\/?s={search_term_string}"},"query-input":"required name=search_term_string"}],"inLanguage":"en-US"},{"@type":"Organization","@id":"https:\/\/subs.nomadcoffee.es\/en\/#organization","name":"Nomad Coffee","alternateName":"Nomad Coffee","url":"https:\/\/subs.nomadcoffee.es\/en\/","logo":{"@type":"ImageObject","inLanguage":"en-US","@id":"https:\/\/subs.nomadcoffee.es\/en\/#\/schema\/logo\/image\/","url":"https:\/\/nomadcoffee.es\/wp-content\/uploads\/2023\/05\/logo-Nomad.jpg","contentUrl":"https:\/\/nomadcoffee.es\/wp-content\/uploads\/2023\/05\/logo-Nomad.jpg","width":200,"height":200,"caption":"Nomad Coffee"},"image":{"@id":"https:\/\/subs.nomadcoffee.es\/en\/#\/schema\/logo\/image\/"}}]}},"_links":{"self":[{"href":"https:\/\/subs.nomadcoffee.es\/en\/wp-json\/wp\/v2\/pages\/65470"}],"collection":[{"href":"https:\/\/subs.nomadcoffee.es\/en\/wp-json\/wp\/v2\/pages"}],"about":[{"href":"https:\/\/subs.nomadcoffee.es\/en\/wp-json\/wp\/v2\/types\/page"}],"author":[{"embeddable":true,"href":"https:\/\/subs.nomadcoffee.es\/en\/wp-json\/wp\/v2\/users\/1098"}],"replies":[{"embeddable":true,"href":"https:\/\/subs.nomadcoffee.es\/en\/wp-json\/wp\/v2\/comments?post=65470"}],"version-history":[{"count":3,"href":"https:\/\/subs.nomadcoffee.es\/en\/wp-json\/wp\/v2\/pages\/65470\/revisions"}],"predecessor-version":[{"id":72928,"href":"https:\/\/subs.nomadcoffee.es\/en\/wp-json\/wp\/v2\/pages\/65470\/revisions\/72928"}],"wp:attachment":[{"href":"https:\/\/subs.nomadcoffee.es\/en\/wp-json\/wp\/v2\/media?parent=65470"}],"curies":[{"name":"wp","href":"https:\/\/api.w.org\/{rel}","templated":true}]}}