{"id":14801,"date":"2020-04-01T11:20:31","date_gmt":"2020-04-01T09:20:31","guid":{"rendered":"http:\/\/nomadcoffee.es\/?post_type=product&#038;p=14801"},"modified":"2023-06-13T18:18:22","modified_gmt":"2023-06-13T16:18:22","slug":"aeropress","status":"publish","type":"product","link":"https:\/\/subs.nomadcoffee.es\/en\/producto\/aeropress\/","title":{"rendered":"Aeropress"},"content":{"rendered":"<p>AeroPress is a filter coffee pot with the quality can produce from 1 to 3 cups. It is the result of combining filter paper with a French-style press. Its operation is simple since its design allows you to make an exceptional coffee using the pressure exerted by the air. This means that in a very short period of time you get a coffee with a large number of oils, minimizing the amount of sedimentation.<\/p>\n<p>Its size makes it very useful and easily transportable to any place where we make our coffee.<\/p>\n<p>It has a modern design, it was released in 2006 and gained great international recognition. It is made of high-quality plastics (without BPA).<\/p>\n<p>It&#8217;s your first time? Do you still not get the hang of it? Do not scratch yourself, look <a href=\"http:\/\/nomadcoffee.es\/en\/help\/how-prepare-coffee-at-home\/\">around here<\/a> and you will surely find something useful ;).<\/p>\n<p>This product includes:<\/p>\n<p>&#8211; AeroPress<\/p>\n<p>&#8211; Remover<\/p>\n<p>&#8211; Dispenser<\/p>\n<p>&#8211; Paper filters (350 units)<\/p>\n<p>&#8211; Filter holder<\/p>\n<p>&#8211; Funnel<\/p>\n<p><iframe loading=\"lazy\" title=\"Como preparar un AEROPRESS - Nomad at Home.mp4\" src=\"https:\/\/player.vimeo.com\/video\/560328253?dnt=1&amp;app_id=122963\" width=\"1280\" height=\"720\" frameborder=\"0\" allow=\"autoplay; fullscreen; picture-in-picture; clipboard-write\"><\/iframe><script type=\"application\/json\" data-arve-oembed>{\n    \"type\": \"video\",\n    \"version\": \"1.0\",\n    \"provider_name\": \"Vimeo\",\n    \"provider_url\": \"https:\/\/vimeo.com\/\",\n    \"title\": \"Como preparar un AEROPRESS - Nomad at Home.mp4\",\n    \"author_name\": \"Nomad Coffee\",\n    \"author_url\": \"https:\/\/vimeo.com\/nomadcoffeebarcelona\",\n    \"is_plus\": \"1\",\n    \"account_type\": \"plus\",\n    \"width\": 1280,\n    \"height\": 720,\n    \"duration\": 472,\n    \"description\": \"-Aero..que? n- ''Aeropress'' n- Ah vale! Pero.. \u00bfEso que es?n- Te lo cuento todo aqu\u00ed, todo todito, eso si, algo que quiz\u00e1s no te esperabas, su creador fue el mismo que fundo la empresa Aerobie, aunque quiz\u00e1s esto no te suena mucho, pero si te digo Frisbee.. \u00bfc\u00f3mo te quedas? ;) nnn\u26ab NUESTROS CAF\u00c9Sn\u00b7 F.BR.RECA \ufffd\ufe0f  https:\/\/nomadcoffee.es\/producto\/fazenda-recanto\/n\u00b7 F.BR.QUIN \ufffd\ufe0f  https:\/\/nomadcoffee.es\/producto\/quintas-de-guimaraes\/n\u00b7 F.BU.GAH \ufffd\ufe0f  https:\/\/nomadcoffee.es\/producto\/gahahe\/n\u00b7 F.BU.NEM \ufffd\ufe0f  https:\/\/nomadcoffee.es\/producto\/nemba-natural\/n\u00b7 F.ET.AYLA \ufffd\ufe0f  https:\/\/nomadcoffee.es\/producto\/ayla\/n\u00b7 NOMAD SHOP \ufffd\ufe0f  https:\/\/nomadcoffee.es\/producto-categoria\/coffee\/nnn\u2615 RECETASn\u00b7 FRENCH PRESS TUTORIAL \ufffd\ufe0f  https:\/\/youtu.be\/RasQ9jdv-Con\u00b7 SAGE PRECISION BREWER TUTORIAL \ufffd\ufe0f  https:\/\/youtu.be\/xjUlvhnA-r8nnn\ufffd\ufe0f EQUIPAMIENTO NOMADn\u00b7 TARJETA REGALO NOMAD \ufffd\ufe0f https:\/\/nomadcoffee.es\/producto\/tarjeta-regalo-nomad-coffee\/n\u00b7 SAGE BARISTA PRO \ufffd\ufe0f https:\/\/nomadcoffee.es\/producto\/sage-barista-pro\/n\u00b7 SAGE PRECISION BREWER \ufffd\ufe0f  https:\/\/nomadcoffee.es\/producto\/sage-precision-brewer\/n\u00b7 NOMAD KEEP CUP \ufffd\ufe0f  https:\/\/nomadcoffee.es\/producto\/nomad-keep-cup\/nnnCONTACTOn\u27a1\ufe0f WEB \u00b7 WWW.NOMADCOFFEE.ESn\u27a1\ufe0f EMAIL \u00b7 https:\/\/nomadcoffee.es\/contacto\/nnnNOS PUEDES ENCONTRAR EN n\ufffdCOFFEE LAB Passatge Sert, 12 08003 Barcelonan\ufffdEVERY DAY Carrer Joaqu\u00edn Costa 26 08001 Barcelonan\ufffdFRUTAS SELECTAS Carrer de Pujades, 95 08005 BarcelonannnS\u00cdGUENOS EN n\ufffd Instagram  \u27a1\ufe0f https:\/\/www.instagram.com\/nomadcoffee\/n\ufffd Facebook \u27a1\ufe0f https:\/\/www.facebook.com\/nomadcoffeeproductionsn\ufffd Youtube \u27a1\ufe0f https:\/\/www.youtube.com\/channel\/UC5jtTmWQGFV-ADKdZsmGBhw\",\n    \"thumbnail_url\": \"https:\/\/i.vimeocdn.com\/video\/1158315227-82bee89738ced57506bfb7723a3b88039074f2ce57778b74ada87bd8185361ad-d_1280\",\n    \"thumbnail_width\": 1280,\n    \"thumbnail_height\": 720,\n    \"thumbnail_url_with_play_button\": \"https:\/\/i.vimeocdn.com\/filter\/overlay?src0=https%3A%2F%2Fi.vimeocdn.com%2Fvideo%2F1158315227-82bee89738ced57506bfb7723a3b88039074f2ce57778b74ada87bd8185361ad-d_1280&src1=http%3A%2F%2Ff.vimeocdn.com%2Fp%2Fimages%2Fcrawler_play.png\",\n    \"upload_date\": \"2021-06-08 05:00:41\",\n    \"video_id\": 560328253,\n    \"uri\": \"\/videos\/560328253\",\n    \"arve_iframe_src\": \"https:\/\/player.vimeo.com\/video\/560328253?dnt=1&app_id=122963\",\n    \"arve_provider\": \"vimeo\",\n    \"arve_cachetime\": \"2024-05-29T20:05:19+02:00\",\n    \"arve_url\": \"https:\/\/vimeo.com\/560328253\",\n    \"arve_thumbnail_small\": \"https:\/\/i.vimeocdn.com\/video\/1158315227-82bee89738ced57506bfb7723a3b88039074f2ce57778b74ada87bd8185361ad-d_320\",\n    \"arve_thumbnail_large\": \"https:\/\/i.vimeocdn.com\/video\/1158315227-82bee89738ced57506bfb7723a3b88039074f2ce57778b74ada87bd8185361ad-d_1280\",\n    \"arve_srcset\": \"https:\/\/i.vimeocdn.com\/video\/1158315227-82bee89738ced57506bfb7723a3b88039074f2ce57778b74ada87bd8185361ad-d_320 320w, https:\/\/i.vimeocdn.com\/video\/1158315227-82bee89738ced57506bfb7723a3b88039074f2ce57778b74ada87bd8185361ad-d_640 640w, https:\/\/i.vimeocdn.com\/video\/1158315227-82bee89738ced57506bfb7723a3b88039074f2ce57778b74ada87bd8185361ad-d_960 960w, https:\/\/i.vimeocdn.com\/video\/1158315227-82bee89738ced57506bfb7723a3b88039074f2ce57778b74ada87bd8185361ad-d_1280 1280w\"\n}<\/script><\/p>\n","protected":false},"excerpt":{"rendered":"<p>AeroPress is a filter coffee pot with the quality can produce from 1 to 3 cups. It is the result [&hellip;]<\/p>\n","protected":false},"featured_media":15472,"template":"","meta":[],"product_cat":[367],"product_tag":[],"acf":[],"yoast_head":"<!-- This site is optimized with the Yoast SEO plugin v22.6 - https:\/\/yoast.com\/wordpress\/plugins\/seo\/ -->\n<title>Aeropress - Plunger Coffee Maker \u3010 Buy at Best Price \u3011<\/title>\n<meta name=\"description\" content=\"AeroPress can be used for both filter coffee and espresso, easy and fast, it is the most versatile and convenient coffee maker to take anywhere.\" \/>\n<meta name=\"robots\" content=\"noindex, follow, max-snippet:-1, max-image-preview:large, max-video-preview:-1\" \/>\n<meta property=\"og:locale\" content=\"en_US\" \/>\n<meta property=\"og:type\" content=\"article\" \/>\n<meta property=\"og:title\" content=\"Aeropress - Plunger Coffee Maker \u3010 Buy at Best Price \u3011\" \/>\n<meta property=\"og:description\" content=\"AeroPress can be used for both filter coffee and espresso, easy and fast, it is the most versatile and convenient coffee maker to take anywhere.\" \/>\n<meta property=\"og:url\" content=\"https:\/\/subs.nomadcoffee.es\/en\/producto\/aeropress\/\" \/>\n<meta property=\"og:site_name\" content=\"NOMAD\" \/>\n<meta property=\"article:modified_time\" content=\"2023-06-13T16:18:22+00:00\" \/>\n<meta property=\"og:image\" content=\"https:\/\/subs.nomadcoffee.es\/wp-content\/uploads\/2020\/04\/AEROPRESS-COFFE-MAKER.jpg\" \/>\n\t<meta property=\"og:image:width\" content=\"1000\" \/>\n\t<meta property=\"og:image:height\" content=\"1000\" \/>\n\t<meta property=\"og:image:type\" content=\"image\/jpeg\" \/>\n<meta name=\"twitter:card\" content=\"summary_large_image\" \/>\n<meta name=\"twitter:label1\" content=\"Est. reading time\" \/>\n\t<meta name=\"twitter:data1\" content=\"1 minute\" \/>\n<script type=\"application\/ld+json\" class=\"yoast-schema-graph\">{\"@context\":\"https:\/\/schema.org\",\"@graph\":[{\"@type\":\"WebPage\",\"@id\":\"https:\/\/subs.nomadcoffee.es\/en\/producto\/aeropress\/\",\"url\":\"https:\/\/subs.nomadcoffee.es\/en\/producto\/aeropress\/\",\"name\":\"Aeropress - Plunger Coffee Maker \u3010 Buy at Best Price \u3011\",\"isPartOf\":{\"@id\":\"https:\/\/subs.nomadcoffee.es\/en\/#website\"},\"primaryImageOfPage\":{\"@id\":\"https:\/\/subs.nomadcoffee.es\/en\/producto\/aeropress\/#primaryimage\"},\"image\":{\"@id\":\"https:\/\/subs.nomadcoffee.es\/en\/producto\/aeropress\/#primaryimage\"},\"thumbnailUrl\":\"https:\/\/subs.nomadcoffee.es\/wp-content\/uploads\/2020\/04\/AEROPRESS-COFFE-MAKER.jpg\",\"datePublished\":\"2020-04-01T09:20:31+00:00\",\"dateModified\":\"2023-06-13T16:18:22+00:00\",\"description\":\"AeroPress can be used for both filter coffee and espresso, easy and fast, it is the most versatile and convenient coffee maker to take anywhere.\",\"breadcrumb\":{\"@id\":\"https:\/\/subs.nomadcoffee.es\/en\/producto\/aeropress\/#breadcrumb\"},\"inLanguage\":\"en-US\",\"potentialAction\":[{\"@type\":\"ReadAction\",\"target\":[\"https:\/\/subs.nomadcoffee.es\/en\/producto\/aeropress\/\"]}]},{\"@type\":\"ImageObject\",\"inLanguage\":\"en-US\",\"@id\":\"https:\/\/subs.nomadcoffee.es\/en\/producto\/aeropress\/#primaryimage\",\"url\":\"https:\/\/subs.nomadcoffee.es\/wp-content\/uploads\/2020\/04\/AEROPRESS-COFFE-MAKER.jpg\",\"contentUrl\":\"https:\/\/subs.nomadcoffee.es\/wp-content\/uploads\/2020\/04\/AEROPRESS-COFFE-MAKER.jpg\",\"width\":1000,\"height\":1000},{\"@type\":\"BreadcrumbList\",\"@id\":\"https:\/\/subs.nomadcoffee.es\/en\/producto\/aeropress\/#breadcrumb\",\"itemListElement\":[{\"@type\":\"ListItem\",\"position\":1,\"name\":\"Portada\",\"item\":\"https:\/\/subs.nomadcoffee.es\/en\/\"},{\"@type\":\"ListItem\",\"position\":2,\"name\":\"Tienda\",\"item\":\"https:\/\/subs.nomadcoffee.es\/tienda\/\"},{\"@type\":\"ListItem\",\"position\":3,\"name\":\"Aeropress\"}]},{\"@type\":\"WebSite\",\"@id\":\"https:\/\/subs.nomadcoffee.es\/en\/#website\",\"url\":\"https:\/\/subs.nomadcoffee.es\/en\/\",\"name\":\"Nomad Coffee\",\"description\":\"Caf\u00e9 de origen reci\u00e9n tostado en Barcelona\",\"publisher\":{\"@id\":\"https:\/\/subs.nomadcoffee.es\/en\/#organization\"},\"alternateName\":\"Nomad Coffee\",\"potentialAction\":[{\"@type\":\"SearchAction\",\"target\":{\"@type\":\"EntryPoint\",\"urlTemplate\":\"https:\/\/subs.nomadcoffee.es\/en\/?s={search_term_string}\"},\"query-input\":\"required name=search_term_string\"}],\"inLanguage\":\"en-US\"},{\"@type\":\"Organization\",\"@id\":\"https:\/\/subs.nomadcoffee.es\/en\/#organization\",\"name\":\"Nomad Coffee\",\"alternateName\":\"Nomad Coffee\",\"url\":\"https:\/\/subs.nomadcoffee.es\/en\/\",\"logo\":{\"@type\":\"ImageObject\",\"inLanguage\":\"en-US\",\"@id\":\"https:\/\/subs.nomadcoffee.es\/en\/#\/schema\/logo\/image\/\",\"url\":\"https:\/\/nomadcoffee.es\/wp-content\/uploads\/2023\/05\/logo-Nomad.jpg\",\"contentUrl\":\"https:\/\/nomadcoffee.es\/wp-content\/uploads\/2023\/05\/logo-Nomad.jpg\",\"width\":200,\"height\":200,\"caption\":\"Nomad Coffee\"},\"image\":{\"@id\":\"https:\/\/subs.nomadcoffee.es\/en\/#\/schema\/logo\/image\/\"}}]}<\/script>\n<!-- \/ Yoast SEO plugin. -->","yoast_head_json":{"title":"Aeropress - Plunger Coffee Maker \u3010 Buy at Best Price \u3011","description":"AeroPress can be used for both filter coffee and espresso, easy and fast, it is the most versatile and convenient coffee maker to take anywhere.","robots":{"index":"noindex","follow":"follow","max-snippet":"max-snippet:-1","max-image-preview":"max-image-preview:large","max-video-preview":"max-video-preview:-1"},"og_locale":"en_US","og_type":"article","og_title":"Aeropress - Plunger Coffee Maker \u3010 Buy at Best Price \u3011","og_description":"AeroPress can be used for both filter coffee and espresso, easy and fast, it is the most versatile and convenient coffee maker to take anywhere.","og_url":"https:\/\/subs.nomadcoffee.es\/en\/producto\/aeropress\/","og_site_name":"NOMAD","article_modified_time":"2023-06-13T16:18:22+00:00","og_image":[{"width":1000,"height":1000,"url":"https:\/\/subs.nomadcoffee.es\/wp-content\/uploads\/2020\/04\/AEROPRESS-COFFE-MAKER.jpg","type":"image\/jpeg"}],"twitter_card":"summary_large_image","twitter_misc":{"Est. reading time":"1 minute"},"schema":{"@context":"https:\/\/schema.org","@graph":[{"@type":"WebPage","@id":"https:\/\/subs.nomadcoffee.es\/en\/producto\/aeropress\/","url":"https:\/\/subs.nomadcoffee.es\/en\/producto\/aeropress\/","name":"Aeropress - Plunger Coffee Maker \u3010 Buy at Best Price \u3011","isPartOf":{"@id":"https:\/\/subs.nomadcoffee.es\/en\/#website"},"primaryImageOfPage":{"@id":"https:\/\/subs.nomadcoffee.es\/en\/producto\/aeropress\/#primaryimage"},"image":{"@id":"https:\/\/subs.nomadcoffee.es\/en\/producto\/aeropress\/#primaryimage"},"thumbnailUrl":"https:\/\/subs.nomadcoffee.es\/wp-content\/uploads\/2020\/04\/AEROPRESS-COFFE-MAKER.jpg","datePublished":"2020-04-01T09:20:31+00:00","dateModified":"2023-06-13T16:18:22+00:00","description":"AeroPress can be used for both filter coffee and espresso, easy and fast, it is the most versatile and convenient coffee maker to take anywhere.","breadcrumb":{"@id":"https:\/\/subs.nomadcoffee.es\/en\/producto\/aeropress\/#breadcrumb"},"inLanguage":"en-US","potentialAction":[{"@type":"ReadAction","target":["https:\/\/subs.nomadcoffee.es\/en\/producto\/aeropress\/"]}]},{"@type":"ImageObject","inLanguage":"en-US","@id":"https:\/\/subs.nomadcoffee.es\/en\/producto\/aeropress\/#primaryimage","url":"https:\/\/subs.nomadcoffee.es\/wp-content\/uploads\/2020\/04\/AEROPRESS-COFFE-MAKER.jpg","contentUrl":"https:\/\/subs.nomadcoffee.es\/wp-content\/uploads\/2020\/04\/AEROPRESS-COFFE-MAKER.jpg","width":1000,"height":1000},{"@type":"BreadcrumbList","@id":"https:\/\/subs.nomadcoffee.es\/en\/producto\/aeropress\/#breadcrumb","itemListElement":[{"@type":"ListItem","position":1,"name":"Portada","item":"https:\/\/subs.nomadcoffee.es\/en\/"},{"@type":"ListItem","position":2,"name":"Tienda","item":"https:\/\/subs.nomadcoffee.es\/tienda\/"},{"@type":"ListItem","position":3,"name":"Aeropress"}]},{"@type":"WebSite","@id":"https:\/\/subs.nomadcoffee.es\/en\/#website","url":"https:\/\/subs.nomadcoffee.es\/en\/","name":"Nomad Coffee","description":"Caf\u00e9 de origen reci\u00e9n tostado en Barcelona","publisher":{"@id":"https:\/\/subs.nomadcoffee.es\/en\/#organization"},"alternateName":"Nomad Coffee","potentialAction":[{"@type":"SearchAction","target":{"@type":"EntryPoint","urlTemplate":"https:\/\/subs.nomadcoffee.es\/en\/?s={search_term_string}"},"query-input":"required name=search_term_string"}],"inLanguage":"en-US"},{"@type":"Organization","@id":"https:\/\/subs.nomadcoffee.es\/en\/#organization","name":"Nomad Coffee","alternateName":"Nomad Coffee","url":"https:\/\/subs.nomadcoffee.es\/en\/","logo":{"@type":"ImageObject","inLanguage":"en-US","@id":"https:\/\/subs.nomadcoffee.es\/en\/#\/schema\/logo\/image\/","url":"https:\/\/nomadcoffee.es\/wp-content\/uploads\/2023\/05\/logo-Nomad.jpg","contentUrl":"https:\/\/nomadcoffee.es\/wp-content\/uploads\/2023\/05\/logo-Nomad.jpg","width":200,"height":200,"caption":"Nomad Coffee"},"image":{"@id":"https:\/\/subs.nomadcoffee.es\/en\/#\/schema\/logo\/image\/"}}]}},"_links":{"self":[{"href":"https:\/\/subs.nomadcoffee.es\/en\/wp-json\/wp\/v2\/product\/14801"}],"collection":[{"href":"https:\/\/subs.nomadcoffee.es\/en\/wp-json\/wp\/v2\/product"}],"about":[{"href":"https:\/\/subs.nomadcoffee.es\/en\/wp-json\/wp\/v2\/types\/product"}],"wp:featuredmedia":[{"embeddable":true,"href":"https:\/\/subs.nomadcoffee.es\/en\/wp-json\/wp\/v2\/media\/15472"}],"wp:attachment":[{"href":"https:\/\/subs.nomadcoffee.es\/en\/wp-json\/wp\/v2\/media?parent=14801"}],"wp:term":[{"taxonomy":"product_cat","embeddable":true,"href":"https:\/\/subs.nomadcoffee.es\/en\/wp-json\/wp\/v2\/product_cat?post=14801"},{"taxonomy":"product_tag","embeddable":true,"href":"https:\/\/subs.nomadcoffee.es\/en\/wp-json\/wp\/v2\/product_tag?post=14801"}],"curies":[{"name":"wp","href":"https:\/\/api.w.org\/{rel}","templated":true}]}}