{"id":49368,"date":"2021-02-15T11:09:52","date_gmt":"2021-02-15T10:09:52","guid":{"rendered":"https:\/\/nomadcoffee.es\/?post_type=product&#038;p=49368"},"modified":"2021-07-20T20:56:03","modified_gmt":"2021-07-20T18:56:03","slug":"quintas-de-guimaraes","status":"publish","type":"product","link":"https:\/\/subs.nomadcoffee.es\/en\/producto\/quintas-de-guimaraes\/","title":{"rendered":"Quinta de Guimaraes"},"content":{"rendered":"<p><span style=\"font-weight: 400;\">In the region of Cerrado Mineiro, you will find families that have grown big through coffee production, but the story is different. Based in Patroc\u00ednio and Serra do Salitre, Quintas de Guimar\u00e3es is a family-owned company that grew by specializing in other high-quality crops such as corn, cotton, wheat and soybean, since the end of the 19th century. Their involvement in the region\u2019s development is noticeable. The family has several farms within Cerrado Mineiro, including in Guimar\u00e2nia, a city that was founded by them.<\/span><\/p>\n<p><span style=\"font-weight: 400;\">Francisco Guimar\u00e3es, also known as Chico, told us that their family is well known for cereals, but their coffee production was still unknown. The family planted their first coffee plants in 2010. Their experience and eye for innovative technology, have helped them to take big leaps towards producing high-quality speciality coffee.<\/span><\/p>\n<p><span style=\"font-weight: 400;\">Quintas de Guimar\u00e3es aims to produce more pulped natural than natural lots using extended fermentation times. All lots have traceability, keeping lots well separated during the post-harvest. They have several varieties on their farm, such as IAC 125 RN (IBC 12), Top\u00e1zio, Catua\u00ed 62 and Catua\u00ed 144, Para\u00edso MG2, Guar\u00e1, Arara (like this one), IPR 103, Catigu\u00e1 MG2.\u00a0\u00a0<\/span><\/p>\n<p><span style=\"font-weight: 400;\">The coffee from this Fazenda is been the winner of multiple local contests within the region, such as the \u201cCerrado Mineiro\u201d, the \u201cEmater\u201d or the \u201cExpocaccer\u201d contests, placing 1st two years in a row.\u00a0<\/span><\/p>\n<p><span style=\"font-weight: 400;\">\u201cI want everyone to be able to consume quality coffee, not only to understand the quality itself but also how it is done. We seek to produce quality coffees and find customers who value not only our story but also our product\u201d. \u2013 Chico<\/span><\/p>\n<p><span style=\"font-weight: 400;\">At Quintas de Guimar\u00e3es they are conscious about the importance of environmental preservation since it has a remarkable impact on our future. They regularly conduct research studies into the flora and fauna within the region, so to maintain the ecosystem as preserved as possible.\u00a0<\/span><\/p>\n<p><span style=\"font-weight: 400;\">\u00a0\u201cWe know that if we don\u2019t protect our water springs, we can damage our future\u201d. \u2013 Chico<\/span><\/p>\n<p><span style=\"font-weight: 400;\">To fulfil their promise and maintain the certifications they boast of (Rain Forest Alliance, UTZ, 4C, Cafepratices, Certifica Minas), they strictly follow Brazilian laws. However, their commitment goes further, since they provide also protection for rivers and reserves, by providing about 700 hectares of their land surface for a natural conservation area.<\/span><\/p>\n","protected":false},"excerpt":{"rendered":"<p>In the region of Cerrado Mineiro, you will find families that have grown big through coffee production, but the story [&hellip;]<\/p>\n","protected":false},"featured_media":51024,"template":"","meta":[],"product_cat":[138,265],"product_tag":[732,285,298],"acf":[],"yoast_head":"<!-- This site is optimized with the Yoast SEO plugin v22.6 - https:\/\/yoast.com\/wordpress\/plugins\/seo\/ -->\n<title>Quinta de Guimaraes - NOMAD<\/title>\n<meta name=\"robots\" content=\"noindex, follow, max-snippet:-1, max-image-preview:large, max-video-preview:-1\" \/>\n<meta property=\"og:locale\" content=\"en_US\" \/>\n<meta property=\"og:type\" content=\"article\" \/>\n<meta property=\"og:title\" content=\"Quinta de Guimaraes - NOMAD\" \/>\n<meta property=\"og:description\" content=\"In the region of Cerrado Mineiro, you will find families that have grown big through coffee production, but the story [&hellip;]\" \/>\n<meta property=\"og:url\" content=\"https:\/\/subs.nomadcoffee.es\/en\/producto\/quintas-de-guimaraes\/\" \/>\n<meta property=\"og:site_name\" content=\"NOMAD\" \/>\n<meta property=\"article:modified_time\" content=\"2021-07-20T18:56:03+00:00\" \/>\n<meta property=\"og:image\" content=\"https:\/\/subs.nomadcoffee.es\/wp-content\/uploads\/2021\/02\/quinta.jpg\" \/>\n\t<meta property=\"og:image:width\" content=\"2000\" \/>\n\t<meta property=\"og:image:height\" content=\"2000\" \/>\n\t<meta property=\"og:image:type\" content=\"image\/jpeg\" \/>\n<meta name=\"twitter:card\" content=\"summary_large_image\" \/>\n<meta name=\"twitter:label1\" content=\"Est. reading time\" \/>\n\t<meta name=\"twitter:data1\" content=\"2 minutes\" \/>\n<script type=\"application\/ld+json\" class=\"yoast-schema-graph\">{\"@context\":\"https:\/\/schema.org\",\"@graph\":[{\"@type\":\"WebPage\",\"@id\":\"https:\/\/subs.nomadcoffee.es\/en\/producto\/quintas-de-guimaraes\/\",\"url\":\"https:\/\/subs.nomadcoffee.es\/en\/producto\/quintas-de-guimaraes\/\",\"name\":\"Quinta de Guimaraes - NOMAD\",\"isPartOf\":{\"@id\":\"https:\/\/subs.nomadcoffee.es\/en\/#website\"},\"primaryImageOfPage\":{\"@id\":\"https:\/\/subs.nomadcoffee.es\/en\/producto\/quintas-de-guimaraes\/#primaryimage\"},\"image\":{\"@id\":\"https:\/\/subs.nomadcoffee.es\/en\/producto\/quintas-de-guimaraes\/#primaryimage\"},\"thumbnailUrl\":\"https:\/\/subs.nomadcoffee.es\/wp-content\/uploads\/2021\/02\/quinta.jpg\",\"datePublished\":\"2021-02-15T10:09:52+00:00\",\"dateModified\":\"2021-07-20T18:56:03+00:00\",\"breadcrumb\":{\"@id\":\"https:\/\/subs.nomadcoffee.es\/en\/producto\/quintas-de-guimaraes\/#breadcrumb\"},\"inLanguage\":\"en-US\",\"potentialAction\":[{\"@type\":\"ReadAction\",\"target\":[\"https:\/\/subs.nomadcoffee.es\/en\/producto\/quintas-de-guimaraes\/\"]}]},{\"@type\":\"ImageObject\",\"inLanguage\":\"en-US\",\"@id\":\"https:\/\/subs.nomadcoffee.es\/en\/producto\/quintas-de-guimaraes\/#primaryimage\",\"url\":\"https:\/\/subs.nomadcoffee.es\/wp-content\/uploads\/2021\/02\/quinta.jpg\",\"contentUrl\":\"https:\/\/subs.nomadcoffee.es\/wp-content\/uploads\/2021\/02\/quinta.jpg\",\"width\":2000,\"height\":2000,\"caption\":\"Caf\u00e9 de especialidad tostado en Barcelona.\"},{\"@type\":\"BreadcrumbList\",\"@id\":\"https:\/\/subs.nomadcoffee.es\/en\/producto\/quintas-de-guimaraes\/#breadcrumb\",\"itemListElement\":[{\"@type\":\"ListItem\",\"position\":1,\"name\":\"Portada\",\"item\":\"https:\/\/subs.nomadcoffee.es\/en\/\"},{\"@type\":\"ListItem\",\"position\":2,\"name\":\"Tienda\",\"item\":\"https:\/\/subs.nomadcoffee.es\/tienda\/\"},{\"@type\":\"ListItem\",\"position\":3,\"name\":\"Quinta de Guimaraes\"}]},{\"@type\":\"WebSite\",\"@id\":\"https:\/\/subs.nomadcoffee.es\/en\/#website\",\"url\":\"https:\/\/subs.nomadcoffee.es\/en\/\",\"name\":\"Nomad Coffee\",\"description\":\"Caf\u00e9 de origen reci\u00e9n tostado en Barcelona\",\"publisher\":{\"@id\":\"https:\/\/subs.nomadcoffee.es\/en\/#organization\"},\"alternateName\":\"Nomad Coffee\",\"potentialAction\":[{\"@type\":\"SearchAction\",\"target\":{\"@type\":\"EntryPoint\",\"urlTemplate\":\"https:\/\/subs.nomadcoffee.es\/en\/?s={search_term_string}\"},\"query-input\":\"required name=search_term_string\"}],\"inLanguage\":\"en-US\"},{\"@type\":\"Organization\",\"@id\":\"https:\/\/subs.nomadcoffee.es\/en\/#organization\",\"name\":\"Nomad Coffee\",\"alternateName\":\"Nomad Coffee\",\"url\":\"https:\/\/subs.nomadcoffee.es\/en\/\",\"logo\":{\"@type\":\"ImageObject\",\"inLanguage\":\"en-US\",\"@id\":\"https:\/\/subs.nomadcoffee.es\/en\/#\/schema\/logo\/image\/\",\"url\":\"https:\/\/nomadcoffee.es\/wp-content\/uploads\/2023\/05\/logo-Nomad.jpg\",\"contentUrl\":\"https:\/\/nomadcoffee.es\/wp-content\/uploads\/2023\/05\/logo-Nomad.jpg\",\"width\":200,\"height\":200,\"caption\":\"Nomad Coffee\"},\"image\":{\"@id\":\"https:\/\/subs.nomadcoffee.es\/en\/#\/schema\/logo\/image\/\"}}]}<\/script>\n<!-- \/ Yoast SEO plugin. -->","yoast_head_json":{"title":"Quinta de Guimaraes - NOMAD","robots":{"index":"noindex","follow":"follow","max-snippet":"max-snippet:-1","max-image-preview":"max-image-preview:large","max-video-preview":"max-video-preview:-1"},"og_locale":"en_US","og_type":"article","og_title":"Quinta de Guimaraes - NOMAD","og_description":"In the region of Cerrado Mineiro, you will find families that have grown big through coffee production, but the story [&hellip;]","og_url":"https:\/\/subs.nomadcoffee.es\/en\/producto\/quintas-de-guimaraes\/","og_site_name":"NOMAD","article_modified_time":"2021-07-20T18:56:03+00:00","og_image":[{"width":2000,"height":2000,"url":"https:\/\/subs.nomadcoffee.es\/wp-content\/uploads\/2021\/02\/quinta.jpg","type":"image\/jpeg"}],"twitter_card":"summary_large_image","twitter_misc":{"Est. reading time":"2 minutes"},"schema":{"@context":"https:\/\/schema.org","@graph":[{"@type":"WebPage","@id":"https:\/\/subs.nomadcoffee.es\/en\/producto\/quintas-de-guimaraes\/","url":"https:\/\/subs.nomadcoffee.es\/en\/producto\/quintas-de-guimaraes\/","name":"Quinta de Guimaraes - NOMAD","isPartOf":{"@id":"https:\/\/subs.nomadcoffee.es\/en\/#website"},"primaryImageOfPage":{"@id":"https:\/\/subs.nomadcoffee.es\/en\/producto\/quintas-de-guimaraes\/#primaryimage"},"image":{"@id":"https:\/\/subs.nomadcoffee.es\/en\/producto\/quintas-de-guimaraes\/#primaryimage"},"thumbnailUrl":"https:\/\/subs.nomadcoffee.es\/wp-content\/uploads\/2021\/02\/quinta.jpg","datePublished":"2021-02-15T10:09:52+00:00","dateModified":"2021-07-20T18:56:03+00:00","breadcrumb":{"@id":"https:\/\/subs.nomadcoffee.es\/en\/producto\/quintas-de-guimaraes\/#breadcrumb"},"inLanguage":"en-US","potentialAction":[{"@type":"ReadAction","target":["https:\/\/subs.nomadcoffee.es\/en\/producto\/quintas-de-guimaraes\/"]}]},{"@type":"ImageObject","inLanguage":"en-US","@id":"https:\/\/subs.nomadcoffee.es\/en\/producto\/quintas-de-guimaraes\/#primaryimage","url":"https:\/\/subs.nomadcoffee.es\/wp-content\/uploads\/2021\/02\/quinta.jpg","contentUrl":"https:\/\/subs.nomadcoffee.es\/wp-content\/uploads\/2021\/02\/quinta.jpg","width":2000,"height":2000,"caption":"Caf\u00e9 de especialidad tostado en Barcelona."},{"@type":"BreadcrumbList","@id":"https:\/\/subs.nomadcoffee.es\/en\/producto\/quintas-de-guimaraes\/#breadcrumb","itemListElement":[{"@type":"ListItem","position":1,"name":"Portada","item":"https:\/\/subs.nomadcoffee.es\/en\/"},{"@type":"ListItem","position":2,"name":"Tienda","item":"https:\/\/subs.nomadcoffee.es\/tienda\/"},{"@type":"ListItem","position":3,"name":"Quinta de Guimaraes"}]},{"@type":"WebSite","@id":"https:\/\/subs.nomadcoffee.es\/en\/#website","url":"https:\/\/subs.nomadcoffee.es\/en\/","name":"Nomad Coffee","description":"Caf\u00e9 de origen reci\u00e9n tostado en Barcelona","publisher":{"@id":"https:\/\/subs.nomadcoffee.es\/en\/#organization"},"alternateName":"Nomad Coffee","potentialAction":[{"@type":"SearchAction","target":{"@type":"EntryPoint","urlTemplate":"https:\/\/subs.nomadcoffee.es\/en\/?s={search_term_string}"},"query-input":"required name=search_term_string"}],"inLanguage":"en-US"},{"@type":"Organization","@id":"https:\/\/subs.nomadcoffee.es\/en\/#organization","name":"Nomad Coffee","alternateName":"Nomad Coffee","url":"https:\/\/subs.nomadcoffee.es\/en\/","logo":{"@type":"ImageObject","inLanguage":"en-US","@id":"https:\/\/subs.nomadcoffee.es\/en\/#\/schema\/logo\/image\/","url":"https:\/\/nomadcoffee.es\/wp-content\/uploads\/2023\/05\/logo-Nomad.jpg","contentUrl":"https:\/\/nomadcoffee.es\/wp-content\/uploads\/2023\/05\/logo-Nomad.jpg","width":200,"height":200,"caption":"Nomad Coffee"},"image":{"@id":"https:\/\/subs.nomadcoffee.es\/en\/#\/schema\/logo\/image\/"}}]}},"_links":{"self":[{"href":"https:\/\/subs.nomadcoffee.es\/en\/wp-json\/wp\/v2\/product\/49368"}],"collection":[{"href":"https:\/\/subs.nomadcoffee.es\/en\/wp-json\/wp\/v2\/product"}],"about":[{"href":"https:\/\/subs.nomadcoffee.es\/en\/wp-json\/wp\/v2\/types\/product"}],"wp:featuredmedia":[{"embeddable":true,"href":"https:\/\/subs.nomadcoffee.es\/en\/wp-json\/wp\/v2\/media\/51024"}],"wp:attachment":[{"href":"https:\/\/subs.nomadcoffee.es\/en\/wp-json\/wp\/v2\/media?parent=49368"}],"wp:term":[{"taxonomy":"product_cat","embeddable":true,"href":"https:\/\/subs.nomadcoffee.es\/en\/wp-json\/wp\/v2\/product_cat?post=49368"},{"taxonomy":"product_tag","embeddable":true,"href":"https:\/\/subs.nomadcoffee.es\/en\/wp-json\/wp\/v2\/product_tag?post=49368"}],"curies":[{"name":"wp","href":"https:\/\/api.w.org\/{rel}","templated":true}]}}