{"id":57642,"date":"2021-06-10T13:59:57","date_gmt":"2021-06-10T11:59:57","guid":{"rendered":"https:\/\/nomadcoffee.es\/?post_type=product&#038;p=57642"},"modified":"2021-11-03T14:05:51","modified_gmt":"2021-11-03T13:05:51","slug":"la-mandarina","status":"publish","type":"product","link":"https:\/\/subs.nomadcoffee.es\/en\/producto\/la-mandarina\/","title":{"rendered":"La Mandarina"},"content":{"rendered":"<p>This micro lot has been produced by Faustino and his wife Sara. Both of them originally come from Cutervo Province, located in the North of Peru, but 11 years ago they moved with their children to El Diamante in San Ignacio, where their family has been living for more than 30 years. The reason for this was that Faustino wanted to increase his farmland and his family told him that there was more space there and the coffee production was better than in Cutervo.<\/p>\n<p>So in San Ignacio Faustino had more land and space and therefore started to become more serious with coffee production. It was his son David that started to plant varieties like Caturra and Bourbon on a parcel in 2013, excited about the potential of producing specialty coffee. David tried to convince Faustino to do the same. He was a bit sceptical at first, but his son convinced him to plant Gesha, Bourbon and Yellow Caturra, just to try. The moment that he took a ripe Gesha berry in his mouth and chewed on it, he knew this was something different! And when he sent his first sample to be cupped, his coffee scored 90 points. That was the moment he decided to only work with specialty coffee. And David not only convinced him, but also the rest of the family. Even in the entire community and direct surroundings all the farmers are starting to share experiences and ask for each other\u2019 s opinion. They visit each other to analyse plants, and are learning together in their journey to improve quality.<\/p>\n<p>Faustino hasn\u2019t stopped working since then to increase his coffee quality and implement new practices. He has for example installed a solar dryer to improve drying of his beans. This system prevents the cherries from getting wet from the rain and improves the drying process, concentrating heat and drying the coffee with constant and natural ventilation.<\/p>\n<p>We are truly happy to have this microlot from Faustino and Sara on our menu, and we hope you enjoy it as much as we do!<br \/>\n<iframe loading=\"lazy\" title=\"La Mandarina - Un salto de fe\" src=\"https:\/\/player.vimeo.com\/video\/565972009?dnt=1&amp;app_id=122963\" width=\"1778\" height=\"1000\" frameborder=\"0\" allow=\"autoplay; fullscreen; picture-in-picture; clipboard-write\"><\/iframe><script type=\"application\/json\" data-arve-oembed>{\"type\":\"video\",\"version\":\"1.0\",\"provider_name\":\"Vimeo\",\"provider_url\":\"https:\/\/vimeo.com\/\",\"title\":\"La Mandarina - Un salto de fe\",\"author_name\":\"Nomad Coffee\",\"author_url\":\"https:\/\/vimeo.com\/nomadcoffeebarcelona\",\"is_plus\":\"1\",\"account_type\":\"plus\",\"width\":1778,\"height\":1000,\"duration\":142,\"description\":\"Una fragancia intensa a naranja sanguina, con un dulzor que nos recuerda a la panela o un caramelo de dulce de leche, tambi\u00e9n aparece una nota a floral, que la asociamos a la flor de romero.nnnEste es el resultado del esfuerzo de toda una familia que cambi\u00f3 por completo su percepci\u00f3n del caf\u00e9.nnn\u26ab NUESTROS CAF\u00c9Sn\u00b7 E.CO.CHA \ufffd\ufe0f  https:\/\/nomadcoffee.es\/producto\/chambaku\/n\u00b7 E.CO.NCH \ufffd\ufe0f  https:\/\/nomadcoffee.es\/producto\/chambaku-natural\/n\u00b7 E.SA.FESH \ufffd\ufe0f  https:\/\/nomadcoffee.es\/producto\/finca-el-salvador\/n\u00b7 E.PE.LAMA \ufffd\ufe0f  https:\/\/nomadcoffee.es\/producto\/la-mandarina\/n\u00b7 E.PE.MAN \ufffd\ufe0f  https:\/\/nomadcoffee.es\/producto\/manacaraco\/n\u00b7 NOMAD SHOP \ufffd\ufe0f  https:\/\/nomadcoffee.es\/producto-categoria\/coffee\/nnn\u2615 RECETASn\u00b7 MOKA POT TUTORIAL \ufffd\ufe0f  https:\/\/youtu.be\/jGHjbsIVrWwn\u00b7 SAGE BARISTA PRO TUTORIAL \ufffd\ufe0f  https:\/\/youtu.be\/67U990vZ0LMnnn\ufffd\ufe0f EQUIPAMIENTO NOMADn\u00b7 TARJETA REGALO NOMAD \ufffd\ufe0f  https:\/\/nomadcoffee.es\/producto\/tarjeta-regalo-nomad-coffee\/n\u00b7 SAGE BARISTA PRO \ufffd\ufe0f  https:\/\/nomadcoffee.es\/producto\/sage-barista-pro\/n\u00b7 LA MARZOCCO MOLINO SWIFT MINI \ufffd\ufe0f  https:\/\/nomadcoffee.es\/producto\/la-marzocco-molino-swift-mini\/n\u00b7 NOMAD KEEP CUP \ufffd\ufe0f https:\/\/nomadcoffee.es\/producto\/nomad-keep-cup\/nnnCONTACTOn\u27a1\ufe0f WEB \u00b7 WWW.NOMADCOFFEE.ESn\u27a1\ufe0f EMAIL \u00b7 https:\/\/nomadcoffee.es\/contacto\/nnnNOS PUEDES ENCONTRAR EN n\ufffdCOFFEE LAB Passatge Sert, 12 08003 Barcelonan\ufffdEVERY DAY Carrer Joaqu\u00edn Costa 26 08001 Barcelonan\ufffdFRUTAS SELECTAS Carrer de Pujades, 95 08005 BarcelonannnS\u00cdGUENOS EN n\ufffd Instagram  \u27a1\ufe0f https:\/\/www.instagram.com\/nomadcoffee\/n\ufffd Facebook \u27a1\ufe0f https:\/\/www.facebook.com\/nomadcoffeeproductionsn\ufffd Youtube \u27a1\ufe0f https:\/\/www.youtube.com\/channel\/UC5jtTmWQGFV-ADKdZsmGBhw\",\"thumbnail_url\":\"https:\/\/i.vimeocdn.com\/video\/1170280287-6d0f42979e134420e30efe445c43b2ab15b4856f84bef18b483b8adeebdc0973-d_1280\",\"thumbnail_width\":1280,\"thumbnail_height\":720,\"thumbnail_url_with_play_button\":\"https:\/\/i.vimeocdn.com\/filter\/overlay?src0=https%3A%2F%2Fi.vimeocdn.com%2Fvideo%2F1170280287-6d0f42979e134420e30efe445c43b2ab15b4856f84bef18b483b8adeebdc0973-d_1280&src1=http%3A%2F%2Ff.vimeocdn.com%2Fp%2Fimages%2Fcrawler_play.png\",\"upload_date\":\"2021-06-22 03:15:10\",\"video_id\":565972009,\"uri\":\"\/videos\/565972009\",\"arve_iframe_src\":\"https:\/\/player.vimeo.com\/video\/565972009?dnt=1&app_id=122963\",\"arve_provider\":\"vimeo\",\"arve_cachetime\":\"2024-05-23T00:00:00+02:00\",\"arve_url\":\"https:\/\/vimeo.com\/565972009\",\"arve_thumbnail_small\":\"https:\/\/i.vimeocdn.com\/video\/1170280287-6d0f42979e134420e30efe445c43b2ab15b4856f84bef18b483b8adeebdc0973-d_320\",\"arve_thumbnail_large\":\"https:\/\/i.vimeocdn.com\/video\/1170280287-6d0f42979e134420e30efe445c43b2ab15b4856f84bef18b483b8adeebdc0973-d_1280\",\"arve_srcset\":\"https:\/\/i.vimeocdn.com\/video\/1170280287-6d0f42979e134420e30efe445c43b2ab15b4856f84bef18b483b8adeebdc0973-d_320 320w, https:\/\/i.vimeocdn.com\/video\/1170280287-6d0f42979e134420e30efe445c43b2ab15b4856f84bef18b483b8adeebdc0973-d_640 640w, https:\/\/i.vimeocdn.com\/video\/1170280287-6d0f42979e134420e30efe445c43b2ab15b4856f84bef18b483b8adeebdc0973-d_960 960w, https:\/\/i.vimeocdn.com\/video\/1170280287-6d0f42979e134420e30efe445c43b2ab15b4856f84bef18b483b8adeebdc0973-d_1280 1280w\"}<\/script><\/p>\n","protected":false},"excerpt":{"rendered":"<p>This micro lot has been produced by Faustino and his wife Sara. Both of them originally come from Cutervo Province, [&hellip;]<\/p>\n","protected":false},"featured_media":57875,"template":"","meta":[],"product_cat":[138,269],"product_tag":[741,873,872],"acf":[],"yoast_head":"<!-- This site is optimized with the Yoast SEO plugin v22.6 - https:\/\/yoast.com\/wordpress\/plugins\/seo\/ -->\n<title>La Mandarina - NOMAD<\/title>\n<meta name=\"robots\" content=\"noindex, follow, max-snippet:-1, max-image-preview:large, max-video-preview:-1\" \/>\n<meta property=\"og:locale\" content=\"en_US\" \/>\n<meta property=\"og:type\" content=\"article\" \/>\n<meta property=\"og:title\" content=\"La Mandarina - NOMAD\" \/>\n<meta property=\"og:description\" content=\"This micro lot has been produced by Faustino and his wife Sara. Both of them originally come from Cutervo Province, [&hellip;]\" \/>\n<meta property=\"og:url\" content=\"https:\/\/subs.nomadcoffee.es\/en\/producto\/la-mandarina\/\" \/>\n<meta property=\"og:site_name\" content=\"NOMAD\" \/>\n<meta property=\"article:modified_time\" content=\"2021-11-03T13:05:51+00:00\" \/>\n<meta property=\"og:image\" content=\"https:\/\/subs.nomadcoffee.es\/wp-content\/uploads\/2021\/06\/E.PE_.LAM_.jpg\" \/>\n\t<meta property=\"og:image:width\" content=\"2000\" \/>\n\t<meta property=\"og:image:height\" content=\"2000\" \/>\n\t<meta property=\"og:image:type\" content=\"image\/jpeg\" \/>\n<meta name=\"twitter:card\" content=\"summary_large_image\" \/>\n<meta name=\"twitter:label1\" content=\"Est. reading time\" \/>\n\t<meta name=\"twitter:data1\" content=\"2 minutes\" \/>\n<script type=\"application\/ld+json\" class=\"yoast-schema-graph\">{\"@context\":\"https:\/\/schema.org\",\"@graph\":[{\"@type\":\"WebPage\",\"@id\":\"https:\/\/subs.nomadcoffee.es\/en\/producto\/la-mandarina\/\",\"url\":\"https:\/\/subs.nomadcoffee.es\/en\/producto\/la-mandarina\/\",\"name\":\"La Mandarina - NOMAD\",\"isPartOf\":{\"@id\":\"https:\/\/subs.nomadcoffee.es\/en\/#website\"},\"primaryImageOfPage\":{\"@id\":\"https:\/\/subs.nomadcoffee.es\/en\/producto\/la-mandarina\/#primaryimage\"},\"image\":{\"@id\":\"https:\/\/subs.nomadcoffee.es\/en\/producto\/la-mandarina\/#primaryimage\"},\"thumbnailUrl\":\"https:\/\/subs.nomadcoffee.es\/wp-content\/uploads\/2021\/06\/E.PE_.LAM_.jpg\",\"datePublished\":\"2021-06-10T11:59:57+00:00\",\"dateModified\":\"2021-11-03T13:05:51+00:00\",\"breadcrumb\":{\"@id\":\"https:\/\/subs.nomadcoffee.es\/en\/producto\/la-mandarina\/#breadcrumb\"},\"inLanguage\":\"en-US\",\"potentialAction\":[{\"@type\":\"ReadAction\",\"target\":[\"https:\/\/subs.nomadcoffee.es\/en\/producto\/la-mandarina\/\"]}]},{\"@type\":\"ImageObject\",\"inLanguage\":\"en-US\",\"@id\":\"https:\/\/subs.nomadcoffee.es\/en\/producto\/la-mandarina\/#primaryimage\",\"url\":\"https:\/\/subs.nomadcoffee.es\/wp-content\/uploads\/2021\/06\/E.PE_.LAM_.jpg\",\"contentUrl\":\"https:\/\/subs.nomadcoffee.es\/wp-content\/uploads\/2021\/06\/E.PE_.LAM_.jpg\",\"width\":2000,\"height\":2000},{\"@type\":\"BreadcrumbList\",\"@id\":\"https:\/\/subs.nomadcoffee.es\/en\/producto\/la-mandarina\/#breadcrumb\",\"itemListElement\":[{\"@type\":\"ListItem\",\"position\":1,\"name\":\"Portada\",\"item\":\"https:\/\/subs.nomadcoffee.es\/en\/\"},{\"@type\":\"ListItem\",\"position\":2,\"name\":\"Tienda\",\"item\":\"https:\/\/subs.nomadcoffee.es\/tienda\/\"},{\"@type\":\"ListItem\",\"position\":3,\"name\":\"La Mandarina\"}]},{\"@type\":\"WebSite\",\"@id\":\"https:\/\/subs.nomadcoffee.es\/en\/#website\",\"url\":\"https:\/\/subs.nomadcoffee.es\/en\/\",\"name\":\"Nomad Coffee\",\"description\":\"Caf\u00e9 de origen reci\u00e9n tostado en Barcelona\",\"publisher\":{\"@id\":\"https:\/\/subs.nomadcoffee.es\/en\/#organization\"},\"alternateName\":\"Nomad Coffee\",\"potentialAction\":[{\"@type\":\"SearchAction\",\"target\":{\"@type\":\"EntryPoint\",\"urlTemplate\":\"https:\/\/subs.nomadcoffee.es\/en\/?s={search_term_string}\"},\"query-input\":\"required name=search_term_string\"}],\"inLanguage\":\"en-US\"},{\"@type\":\"Organization\",\"@id\":\"https:\/\/subs.nomadcoffee.es\/en\/#organization\",\"name\":\"Nomad Coffee\",\"alternateName\":\"Nomad Coffee\",\"url\":\"https:\/\/subs.nomadcoffee.es\/en\/\",\"logo\":{\"@type\":\"ImageObject\",\"inLanguage\":\"en-US\",\"@id\":\"https:\/\/subs.nomadcoffee.es\/en\/#\/schema\/logo\/image\/\",\"url\":\"https:\/\/nomadcoffee.es\/wp-content\/uploads\/2023\/05\/logo-Nomad.jpg\",\"contentUrl\":\"https:\/\/nomadcoffee.es\/wp-content\/uploads\/2023\/05\/logo-Nomad.jpg\",\"width\":200,\"height\":200,\"caption\":\"Nomad Coffee\"},\"image\":{\"@id\":\"https:\/\/subs.nomadcoffee.es\/en\/#\/schema\/logo\/image\/\"}}]}<\/script>\n<!-- \/ Yoast SEO plugin. -->","yoast_head_json":{"title":"La Mandarina - NOMAD","robots":{"index":"noindex","follow":"follow","max-snippet":"max-snippet:-1","max-image-preview":"max-image-preview:large","max-video-preview":"max-video-preview:-1"},"og_locale":"en_US","og_type":"article","og_title":"La Mandarina - NOMAD","og_description":"This micro lot has been produced by Faustino and his wife Sara. Both of them originally come from Cutervo Province, [&hellip;]","og_url":"https:\/\/subs.nomadcoffee.es\/en\/producto\/la-mandarina\/","og_site_name":"NOMAD","article_modified_time":"2021-11-03T13:05:51+00:00","og_image":[{"width":2000,"height":2000,"url":"https:\/\/subs.nomadcoffee.es\/wp-content\/uploads\/2021\/06\/E.PE_.LAM_.jpg","type":"image\/jpeg"}],"twitter_card":"summary_large_image","twitter_misc":{"Est. reading time":"2 minutes"},"schema":{"@context":"https:\/\/schema.org","@graph":[{"@type":"WebPage","@id":"https:\/\/subs.nomadcoffee.es\/en\/producto\/la-mandarina\/","url":"https:\/\/subs.nomadcoffee.es\/en\/producto\/la-mandarina\/","name":"La Mandarina - NOMAD","isPartOf":{"@id":"https:\/\/subs.nomadcoffee.es\/en\/#website"},"primaryImageOfPage":{"@id":"https:\/\/subs.nomadcoffee.es\/en\/producto\/la-mandarina\/#primaryimage"},"image":{"@id":"https:\/\/subs.nomadcoffee.es\/en\/producto\/la-mandarina\/#primaryimage"},"thumbnailUrl":"https:\/\/subs.nomadcoffee.es\/wp-content\/uploads\/2021\/06\/E.PE_.LAM_.jpg","datePublished":"2021-06-10T11:59:57+00:00","dateModified":"2021-11-03T13:05:51+00:00","breadcrumb":{"@id":"https:\/\/subs.nomadcoffee.es\/en\/producto\/la-mandarina\/#breadcrumb"},"inLanguage":"en-US","potentialAction":[{"@type":"ReadAction","target":["https:\/\/subs.nomadcoffee.es\/en\/producto\/la-mandarina\/"]}]},{"@type":"ImageObject","inLanguage":"en-US","@id":"https:\/\/subs.nomadcoffee.es\/en\/producto\/la-mandarina\/#primaryimage","url":"https:\/\/subs.nomadcoffee.es\/wp-content\/uploads\/2021\/06\/E.PE_.LAM_.jpg","contentUrl":"https:\/\/subs.nomadcoffee.es\/wp-content\/uploads\/2021\/06\/E.PE_.LAM_.jpg","width":2000,"height":2000},{"@type":"BreadcrumbList","@id":"https:\/\/subs.nomadcoffee.es\/en\/producto\/la-mandarina\/#breadcrumb","itemListElement":[{"@type":"ListItem","position":1,"name":"Portada","item":"https:\/\/subs.nomadcoffee.es\/en\/"},{"@type":"ListItem","position":2,"name":"Tienda","item":"https:\/\/subs.nomadcoffee.es\/tienda\/"},{"@type":"ListItem","position":3,"name":"La Mandarina"}]},{"@type":"WebSite","@id":"https:\/\/subs.nomadcoffee.es\/en\/#website","url":"https:\/\/subs.nomadcoffee.es\/en\/","name":"Nomad Coffee","description":"Caf\u00e9 de origen reci\u00e9n tostado en Barcelona","publisher":{"@id":"https:\/\/subs.nomadcoffee.es\/en\/#organization"},"alternateName":"Nomad Coffee","potentialAction":[{"@type":"SearchAction","target":{"@type":"EntryPoint","urlTemplate":"https:\/\/subs.nomadcoffee.es\/en\/?s={search_term_string}"},"query-input":"required name=search_term_string"}],"inLanguage":"en-US"},{"@type":"Organization","@id":"https:\/\/subs.nomadcoffee.es\/en\/#organization","name":"Nomad Coffee","alternateName":"Nomad Coffee","url":"https:\/\/subs.nomadcoffee.es\/en\/","logo":{"@type":"ImageObject","inLanguage":"en-US","@id":"https:\/\/subs.nomadcoffee.es\/en\/#\/schema\/logo\/image\/","url":"https:\/\/nomadcoffee.es\/wp-content\/uploads\/2023\/05\/logo-Nomad.jpg","contentUrl":"https:\/\/nomadcoffee.es\/wp-content\/uploads\/2023\/05\/logo-Nomad.jpg","width":200,"height":200,"caption":"Nomad Coffee"},"image":{"@id":"https:\/\/subs.nomadcoffee.es\/en\/#\/schema\/logo\/image\/"}}]}},"_links":{"self":[{"href":"https:\/\/subs.nomadcoffee.es\/en\/wp-json\/wp\/v2\/product\/57642"}],"collection":[{"href":"https:\/\/subs.nomadcoffee.es\/en\/wp-json\/wp\/v2\/product"}],"about":[{"href":"https:\/\/subs.nomadcoffee.es\/en\/wp-json\/wp\/v2\/types\/product"}],"wp:featuredmedia":[{"embeddable":true,"href":"https:\/\/subs.nomadcoffee.es\/en\/wp-json\/wp\/v2\/media\/57875"}],"wp:attachment":[{"href":"https:\/\/subs.nomadcoffee.es\/en\/wp-json\/wp\/v2\/media?parent=57642"}],"wp:term":[{"taxonomy":"product_cat","embeddable":true,"href":"https:\/\/subs.nomadcoffee.es\/en\/wp-json\/wp\/v2\/product_cat?post=57642"},{"taxonomy":"product_tag","embeddable":true,"href":"https:\/\/subs.nomadcoffee.es\/en\/wp-json\/wp\/v2\/product_tag?post=57642"}],"curies":[{"name":"wp","href":"https:\/\/api.w.org\/{rel}","templated":true}]}}