{"id":60467,"date":"2021-09-01T16:26:45","date_gmt":"2021-09-01T14:26:45","guid":{"rendered":"https:\/\/nomadcoffee.es\/?post_type=product&#038;p=60467"},"modified":"2021-10-15T14:00:00","modified_gmt":"2021-10-15T12:00:00","slug":"montes-del-tatama-sidra","status":"publish","type":"product","link":"https:\/\/subs.nomadcoffee.es\/en\/producto\/montes-del-tatama-sidra\/","title":{"rendered":"Montes del Tatam\u00e1 &#8211; Sidra"},"content":{"rendered":"<p><span style=\"font-weight: 400;\">The farm is located in the Santuario, Risaralda region, near the &#8220;Montes de Tatam\u00e1&#8221; a protected national park of more than 60,000 hectares. Tatam\u00e1 is an Embera-cham\u00ed word that means -grandfather of rivers-. Three years ago we visited this paradisaic farm.\u00a0 Getting there was challenging; the roads are uneven, and the slopes very steep, but it was all worth it when we felt the energy of a farm at more than 2,000 meters above sea level. Santuario is a beautiful town close to the western mountain range of Colombia and one hour from Pereira<\/span><\/p>\n<p><span style=\"font-weight: 400;\">This batch is fermented in an airless barrel for 48 hours at a low temperature before being pulped. Subsequently, it is pulped, washed and dried in the sun in parabolic dryers.<\/span><\/p>\n<p><iframe loading=\"lazy\" title=\"Competition Series - Sidra Montes del Tatam\u00e1\" src=\"https:\/\/player.vimeo.com\/video\/605524622?dnt=1&amp;app_id=122963\" width=\"1778\" height=\"1000\" frameborder=\"0\" allow=\"autoplay; fullscreen; picture-in-picture; clipboard-write\"><\/iframe><script type=\"application\/json\" data-arve-oembed>{\n    \"type\": \"video\",\n    \"version\": \"1.0\",\n    \"provider_name\": \"Vimeo\",\n    \"provider_url\": \"https:\/\/vimeo.com\/\",\n    \"title\": \"Competition Series - Sidra Montes del Tatam\u00e1\",\n    \"author_name\": \"Nomad Coffee\",\n    \"author_url\": \"https:\/\/vimeo.com\/nomadcoffeebarcelona\",\n    \"is_plus\": \"1\",\n    \"account_type\": \"plus\",\n    \"width\": 1778,\n    \"height\": 1000,\n    \"duration\": 195,\n    \"description\": \"La variedad Sidra es una de las variedades m\u00e1s complejas que existen. Este caf\u00e9 tiene una gran intensidad arom\u00e1tica y de sabor. Fragancia a naranjilla y lima-lim\u00f3n. En aroma podemos encontrar notas a bizcocho de lim\u00f3n y lemongrass. Una acidez c\u00edtrica y brillante con un cuerpo jugoso nos acompa\u00f1an en boca.nnn\u26ab NUESTROS CAF\u00c9Sn\u00b7 NOMAD SHOP \ufffd\ufe0f  https:\/\/nomadcoffee.es\/producto-categoria\/coffee\/nnn\u2615 RECETASn\u00b7 FRENCH PRESS TUTORIAL \ufffd\ufe0f  https:\/\/youtu.be\/RasQ9jdv-Con\u00b7 SAGE PRECISION BREWER TUTORIAL \ufffd\ufe0f  https:\/\/youtu.be\/xjUlvhnA-r8n\u00b7 AEROPRESS TUTORIAL \ufffd\ufe0f  https:\/\/youtu.be\/XIqnCnAlCvgnnn\ufffd\ufe0f EQUIPAMIENTO NOMADn\u00b7 TARJETA REGALO NOMAD \ufffd\ufe0f https:\/\/nomadcoffee.es\/producto\/tarjeta-regalo-nomad-coffee\/n\u00b7 SAGE BARISTA PRO \ufffd\ufe0f https:\/\/nomadcoffee.es\/producto\/sage-barista-pro\/n\u00b7 SAGE PRECISION BREWER \ufffd\ufe0f  https:\/\/nomadcoffee.es\/producto\/sage-precision-brewer\/n\u00b7 NOMAD KEEP CUP \ufffd\ufe0f  https:\/\/nomadcoffee.es\/producto\/nomad-keep-cup\/nnnCONTACTOn\u27a1\ufe0f WEB \u00b7 WWW.NOMADCOFFEE.ESn\u27a1\ufe0f EMAIL \u00b7 https:\/\/nomadcoffee.es\/contacto\/nnnNOS PUEDES ENCONTRAR EN n\ufffdCOFFEE LAB Passatge Sert, 12 08003 Barcelonan\ufffdEVERY DAY Carrer Joaqu\u00edn Costa 26 08001 Barcelonan\ufffdFRUTAS SELECTAS Carrer de Pujades, 95 08005 BarcelonannnnS\u00cdGUENOS EN n\ufffd Instagram  \u27a1\ufe0f https:\/\/www.instagram.com\/nomadcoffee\/n\ufffd Facebook \u27a1\ufe0f https:\/\/www.facebook.com\/nomadcoffeeproductionsn\ufffd Youtube \u27a1\ufe0f https:\/\/www.youtube.com\/channel\/UC5jtTmWQGFV-ADKdZsmGBhw\",\n    \"thumbnail_url\": \"https:\/\/i.vimeocdn.com\/video\/1242052233-1a3f21761535cbba7a4303c209acd75b185c1ca16468aaef04ba18dd45471ea4-d_1280\",\n    \"thumbnail_width\": 1280,\n    \"thumbnail_height\": 720,\n    \"thumbnail_url_with_play_button\": \"https:\/\/i.vimeocdn.com\/filter\/overlay?src0=https%3A%2F%2Fi.vimeocdn.com%2Fvideo%2F1242052233-1a3f21761535cbba7a4303c209acd75b185c1ca16468aaef04ba18dd45471ea4-d_1280&src1=http%3A%2F%2Ff.vimeocdn.com%2Fp%2Fimages%2Fcrawler_play.png\",\n    \"upload_date\": \"2021-09-15 06:12:31\",\n    \"video_id\": 605524622,\n    \"uri\": \"\/videos\/605524622\",\n    \"arve_iframe_src\": \"https:\/\/player.vimeo.com\/video\/605524622?dnt=1&app_id=122963\",\n    \"arve_provider\": \"vimeo\",\n    \"arve_cachetime\": \"2024-05-30T07:46:52+02:00\",\n    \"arve_url\": \"https:\/\/vimeo.com\/605524622\",\n    \"arve_thumbnail_small\": \"https:\/\/i.vimeocdn.com\/video\/1242052233-1a3f21761535cbba7a4303c209acd75b185c1ca16468aaef04ba18dd45471ea4-d_320\",\n    \"arve_thumbnail_large\": \"https:\/\/i.vimeocdn.com\/video\/1242052233-1a3f21761535cbba7a4303c209acd75b185c1ca16468aaef04ba18dd45471ea4-d_1280\",\n    \"arve_srcset\": \"https:\/\/i.vimeocdn.com\/video\/1242052233-1a3f21761535cbba7a4303c209acd75b185c1ca16468aaef04ba18dd45471ea4-d_320 320w, https:\/\/i.vimeocdn.com\/video\/1242052233-1a3f21761535cbba7a4303c209acd75b185c1ca16468aaef04ba18dd45471ea4-d_640 640w, https:\/\/i.vimeocdn.com\/video\/1242052233-1a3f21761535cbba7a4303c209acd75b185c1ca16468aaef04ba18dd45471ea4-d_960 960w, https:\/\/i.vimeocdn.com\/video\/1242052233-1a3f21761535cbba7a4303c209acd75b185c1ca16468aaef04ba18dd45471ea4-d_1280 1280w\"\n}<\/script><\/p>\n","protected":false},"excerpt":{"rendered":"<p>The farm is located in the Santuario, Risaralda region, near the &#8220;Montes de Tatam\u00e1&#8221; a protected national park of more [&hellip;]<\/p>\n","protected":false},"featured_media":60430,"template":"","meta":[],"product_cat":[138,269,265],"product_tag":[296,276],"acf":[],"yoast_head":"<!-- This site is optimized with the Yoast SEO plugin v22.6 - https:\/\/yoast.com\/wordpress\/plugins\/seo\/ -->\n<title>Montes del Tatam\u00e1 - Sidra - NOMAD<\/title>\n<meta name=\"robots\" content=\"noindex, follow, max-snippet:-1, max-image-preview:large, max-video-preview:-1\" \/>\n<meta property=\"og:locale\" content=\"en_US\" \/>\n<meta property=\"og:type\" content=\"article\" \/>\n<meta property=\"og:title\" content=\"Montes del Tatam\u00e1 - Sidra - NOMAD\" \/>\n<meta property=\"og:description\" content=\"The farm is located in the Santuario, Risaralda region, near the &#8220;Montes de Tatam\u00e1&#8221; a protected national park of more [&hellip;]\" \/>\n<meta property=\"og:url\" content=\"https:\/\/subs.nomadcoffee.es\/en\/producto\/montes-del-tatama-sidra\/\" \/>\n<meta property=\"og:site_name\" content=\"NOMAD\" \/>\n<meta property=\"article:modified_time\" content=\"2021-10-15T12:00:00+00:00\" \/>\n<meta property=\"og:image\" content=\"https:\/\/subs.nomadcoffee.es\/wp-content\/uploads\/2021\/08\/COMPETI-TATAMA-SIDRA-1.jpg\" \/>\n\t<meta property=\"og:image:width\" content=\"2000\" \/>\n\t<meta property=\"og:image:height\" content=\"2000\" \/>\n\t<meta property=\"og:image:type\" content=\"image\/jpeg\" \/>\n<meta name=\"twitter:card\" content=\"summary_large_image\" \/>\n<meta name=\"twitter:label1\" content=\"Est. reading time\" \/>\n\t<meta name=\"twitter:data1\" content=\"1 minute\" \/>\n<script type=\"application\/ld+json\" class=\"yoast-schema-graph\">{\"@context\":\"https:\/\/schema.org\",\"@graph\":[{\"@type\":\"WebPage\",\"@id\":\"https:\/\/subs.nomadcoffee.es\/en\/producto\/montes-del-tatama-sidra\/\",\"url\":\"https:\/\/subs.nomadcoffee.es\/en\/producto\/montes-del-tatama-sidra\/\",\"name\":\"Montes del Tatam\u00e1 - Sidra - NOMAD\",\"isPartOf\":{\"@id\":\"https:\/\/subs.nomadcoffee.es\/en\/#website\"},\"primaryImageOfPage\":{\"@id\":\"https:\/\/subs.nomadcoffee.es\/en\/producto\/montes-del-tatama-sidra\/#primaryimage\"},\"image\":{\"@id\":\"https:\/\/subs.nomadcoffee.es\/en\/producto\/montes-del-tatama-sidra\/#primaryimage\"},\"thumbnailUrl\":\"https:\/\/subs.nomadcoffee.es\/wp-content\/uploads\/2021\/08\/COMPETI-TATAMA-SIDRA-1.jpg\",\"datePublished\":\"2021-09-01T14:26:45+00:00\",\"dateModified\":\"2021-10-15T12:00:00+00:00\",\"breadcrumb\":{\"@id\":\"https:\/\/subs.nomadcoffee.es\/en\/producto\/montes-del-tatama-sidra\/#breadcrumb\"},\"inLanguage\":\"en-US\",\"potentialAction\":[{\"@type\":\"ReadAction\",\"target\":[\"https:\/\/subs.nomadcoffee.es\/en\/producto\/montes-del-tatama-sidra\/\"]}]},{\"@type\":\"ImageObject\",\"inLanguage\":\"en-US\",\"@id\":\"https:\/\/subs.nomadcoffee.es\/en\/producto\/montes-del-tatama-sidra\/#primaryimage\",\"url\":\"https:\/\/subs.nomadcoffee.es\/wp-content\/uploads\/2021\/08\/COMPETI-TATAMA-SIDRA-1.jpg\",\"contentUrl\":\"https:\/\/subs.nomadcoffee.es\/wp-content\/uploads\/2021\/08\/COMPETI-TATAMA-SIDRA-1.jpg\",\"width\":2000,\"height\":2000},{\"@type\":\"BreadcrumbList\",\"@id\":\"https:\/\/subs.nomadcoffee.es\/en\/producto\/montes-del-tatama-sidra\/#breadcrumb\",\"itemListElement\":[{\"@type\":\"ListItem\",\"position\":1,\"name\":\"Portada\",\"item\":\"https:\/\/subs.nomadcoffee.es\/en\/\"},{\"@type\":\"ListItem\",\"position\":2,\"name\":\"Tienda\",\"item\":\"https:\/\/subs.nomadcoffee.es\/tienda\/\"},{\"@type\":\"ListItem\",\"position\":3,\"name\":\"Montes del Tatam\u00e1 &#8211; Sidra\"}]},{\"@type\":\"WebSite\",\"@id\":\"https:\/\/subs.nomadcoffee.es\/en\/#website\",\"url\":\"https:\/\/subs.nomadcoffee.es\/en\/\",\"name\":\"Nomad Coffee\",\"description\":\"Caf\u00e9 de origen reci\u00e9n tostado en Barcelona\",\"publisher\":{\"@id\":\"https:\/\/subs.nomadcoffee.es\/en\/#organization\"},\"alternateName\":\"Nomad Coffee\",\"potentialAction\":[{\"@type\":\"SearchAction\",\"target\":{\"@type\":\"EntryPoint\",\"urlTemplate\":\"https:\/\/subs.nomadcoffee.es\/en\/?s={search_term_string}\"},\"query-input\":\"required name=search_term_string\"}],\"inLanguage\":\"en-US\"},{\"@type\":\"Organization\",\"@id\":\"https:\/\/subs.nomadcoffee.es\/en\/#organization\",\"name\":\"Nomad Coffee\",\"alternateName\":\"Nomad Coffee\",\"url\":\"https:\/\/subs.nomadcoffee.es\/en\/\",\"logo\":{\"@type\":\"ImageObject\",\"inLanguage\":\"en-US\",\"@id\":\"https:\/\/subs.nomadcoffee.es\/en\/#\/schema\/logo\/image\/\",\"url\":\"https:\/\/nomadcoffee.es\/wp-content\/uploads\/2023\/05\/logo-Nomad.jpg\",\"contentUrl\":\"https:\/\/nomadcoffee.es\/wp-content\/uploads\/2023\/05\/logo-Nomad.jpg\",\"width\":200,\"height\":200,\"caption\":\"Nomad Coffee\"},\"image\":{\"@id\":\"https:\/\/subs.nomadcoffee.es\/en\/#\/schema\/logo\/image\/\"}}]}<\/script>\n<!-- \/ Yoast SEO plugin. -->","yoast_head_json":{"title":"Montes del Tatam\u00e1 - Sidra - NOMAD","robots":{"index":"noindex","follow":"follow","max-snippet":"max-snippet:-1","max-image-preview":"max-image-preview:large","max-video-preview":"max-video-preview:-1"},"og_locale":"en_US","og_type":"article","og_title":"Montes del Tatam\u00e1 - Sidra - NOMAD","og_description":"The farm is located in the Santuario, Risaralda region, near the &#8220;Montes de Tatam\u00e1&#8221; a protected national park of more [&hellip;]","og_url":"https:\/\/subs.nomadcoffee.es\/en\/producto\/montes-del-tatama-sidra\/","og_site_name":"NOMAD","article_modified_time":"2021-10-15T12:00:00+00:00","og_image":[{"width":2000,"height":2000,"url":"https:\/\/subs.nomadcoffee.es\/wp-content\/uploads\/2021\/08\/COMPETI-TATAMA-SIDRA-1.jpg","type":"image\/jpeg"}],"twitter_card":"summary_large_image","twitter_misc":{"Est. reading time":"1 minute"},"schema":{"@context":"https:\/\/schema.org","@graph":[{"@type":"WebPage","@id":"https:\/\/subs.nomadcoffee.es\/en\/producto\/montes-del-tatama-sidra\/","url":"https:\/\/subs.nomadcoffee.es\/en\/producto\/montes-del-tatama-sidra\/","name":"Montes del Tatam\u00e1 - Sidra - NOMAD","isPartOf":{"@id":"https:\/\/subs.nomadcoffee.es\/en\/#website"},"primaryImageOfPage":{"@id":"https:\/\/subs.nomadcoffee.es\/en\/producto\/montes-del-tatama-sidra\/#primaryimage"},"image":{"@id":"https:\/\/subs.nomadcoffee.es\/en\/producto\/montes-del-tatama-sidra\/#primaryimage"},"thumbnailUrl":"https:\/\/subs.nomadcoffee.es\/wp-content\/uploads\/2021\/08\/COMPETI-TATAMA-SIDRA-1.jpg","datePublished":"2021-09-01T14:26:45+00:00","dateModified":"2021-10-15T12:00:00+00:00","breadcrumb":{"@id":"https:\/\/subs.nomadcoffee.es\/en\/producto\/montes-del-tatama-sidra\/#breadcrumb"},"inLanguage":"en-US","potentialAction":[{"@type":"ReadAction","target":["https:\/\/subs.nomadcoffee.es\/en\/producto\/montes-del-tatama-sidra\/"]}]},{"@type":"ImageObject","inLanguage":"en-US","@id":"https:\/\/subs.nomadcoffee.es\/en\/producto\/montes-del-tatama-sidra\/#primaryimage","url":"https:\/\/subs.nomadcoffee.es\/wp-content\/uploads\/2021\/08\/COMPETI-TATAMA-SIDRA-1.jpg","contentUrl":"https:\/\/subs.nomadcoffee.es\/wp-content\/uploads\/2021\/08\/COMPETI-TATAMA-SIDRA-1.jpg","width":2000,"height":2000},{"@type":"BreadcrumbList","@id":"https:\/\/subs.nomadcoffee.es\/en\/producto\/montes-del-tatama-sidra\/#breadcrumb","itemListElement":[{"@type":"ListItem","position":1,"name":"Portada","item":"https:\/\/subs.nomadcoffee.es\/en\/"},{"@type":"ListItem","position":2,"name":"Tienda","item":"https:\/\/subs.nomadcoffee.es\/tienda\/"},{"@type":"ListItem","position":3,"name":"Montes del Tatam\u00e1 &#8211; Sidra"}]},{"@type":"WebSite","@id":"https:\/\/subs.nomadcoffee.es\/en\/#website","url":"https:\/\/subs.nomadcoffee.es\/en\/","name":"Nomad Coffee","description":"Caf\u00e9 de origen reci\u00e9n tostado en Barcelona","publisher":{"@id":"https:\/\/subs.nomadcoffee.es\/en\/#organization"},"alternateName":"Nomad Coffee","potentialAction":[{"@type":"SearchAction","target":{"@type":"EntryPoint","urlTemplate":"https:\/\/subs.nomadcoffee.es\/en\/?s={search_term_string}"},"query-input":"required name=search_term_string"}],"inLanguage":"en-US"},{"@type":"Organization","@id":"https:\/\/subs.nomadcoffee.es\/en\/#organization","name":"Nomad Coffee","alternateName":"Nomad Coffee","url":"https:\/\/subs.nomadcoffee.es\/en\/","logo":{"@type":"ImageObject","inLanguage":"en-US","@id":"https:\/\/subs.nomadcoffee.es\/en\/#\/schema\/logo\/image\/","url":"https:\/\/nomadcoffee.es\/wp-content\/uploads\/2023\/05\/logo-Nomad.jpg","contentUrl":"https:\/\/nomadcoffee.es\/wp-content\/uploads\/2023\/05\/logo-Nomad.jpg","width":200,"height":200,"caption":"Nomad Coffee"},"image":{"@id":"https:\/\/subs.nomadcoffee.es\/en\/#\/schema\/logo\/image\/"}}]}},"_links":{"self":[{"href":"https:\/\/subs.nomadcoffee.es\/en\/wp-json\/wp\/v2\/product\/60467"}],"collection":[{"href":"https:\/\/subs.nomadcoffee.es\/en\/wp-json\/wp\/v2\/product"}],"about":[{"href":"https:\/\/subs.nomadcoffee.es\/en\/wp-json\/wp\/v2\/types\/product"}],"wp:featuredmedia":[{"embeddable":true,"href":"https:\/\/subs.nomadcoffee.es\/en\/wp-json\/wp\/v2\/media\/60430"}],"wp:attachment":[{"href":"https:\/\/subs.nomadcoffee.es\/en\/wp-json\/wp\/v2\/media?parent=60467"}],"wp:term":[{"taxonomy":"product_cat","embeddable":true,"href":"https:\/\/subs.nomadcoffee.es\/en\/wp-json\/wp\/v2\/product_cat?post=60467"},{"taxonomy":"product_tag","embeddable":true,"href":"https:\/\/subs.nomadcoffee.es\/en\/wp-json\/wp\/v2\/product_tag?post=60467"}],"curies":[{"name":"wp","href":"https:\/\/api.w.org\/{rel}","templated":true}]}}