{"id":69043,"date":"2022-06-08T09:52:59","date_gmt":"2022-06-08T07:52:59","guid":{"rendered":"https:\/\/nomadcoffee.es\/?post_type=product&#038;p=69043"},"modified":"2023-10-20T15:50:20","modified_gmt":"2023-10-20T13:50:20","slug":"t-shirt-flat-white","status":"publish","type":"product","link":"https:\/\/subs.nomadcoffee.es\/en\/producto\/t-shirt-flat-white\/","title":{"rendered":"Camiseta Flat white"},"content":{"rendered":"","protected":false},"excerpt":{"rendered":"","protected":false},"featured_media":70238,"template":"","meta":[],"product_cat":[105],"product_tag":[],"acf":[],"yoast_head":"<!-- This site is optimized with the Yoast SEO plugin v22.6 - https:\/\/yoast.com\/wordpress\/plugins\/seo\/ -->\n<title>Camiseta Flat white - NOMAD COFFEE<\/title>\n<meta name=\"description\" content=\"Una de las bebidas que m\u00e1s representa el caf\u00e9 de especialidad es el Flat white y con esta camiseta hemos querido hacerle un peque\u00f1o homenaje.\" \/>\n<meta name=\"robots\" content=\"noindex, follow, max-snippet:-1, max-image-preview:large, max-video-preview:-1\" \/>\n<meta property=\"og:locale\" content=\"en_US\" \/>\n<meta property=\"og:type\" content=\"article\" \/>\n<meta property=\"og:title\" content=\"Camiseta Flat white - NOMAD COFFEE\" \/>\n<meta property=\"og:description\" content=\"Una de las bebidas que m\u00e1s representa el caf\u00e9 de especialidad es el Flat white y con esta camiseta hemos querido hacerle un peque\u00f1o homenaje.\" \/>\n<meta property=\"og:url\" content=\"https:\/\/subs.nomadcoffee.es\/en\/producto\/t-shirt-flat-white\/\" \/>\n<meta property=\"og:site_name\" content=\"NOMAD\" \/>\n<meta property=\"article:modified_time\" content=\"2023-10-20T13:50:20+00:00\" \/>\n<meta property=\"og:image\" content=\"https:\/\/subs.nomadcoffee.es\/wp-content\/uploads\/2022\/06\/web_merchan2.jpg\" \/>\n\t<meta property=\"og:image:width\" content=\"1500\" \/>\n\t<meta property=\"og:image:height\" content=\"1500\" \/>\n\t<meta property=\"og:image:type\" content=\"image\/jpeg\" \/>\n<meta name=\"twitter:card\" content=\"summary_large_image\" \/>\n<script type=\"application\/ld+json\" class=\"yoast-schema-graph\">{\"@context\":\"https:\/\/schema.org\",\"@graph\":[{\"@type\":\"WebPage\",\"@id\":\"https:\/\/subs.nomadcoffee.es\/en\/producto\/t-shirt-flat-white\/\",\"url\":\"https:\/\/subs.nomadcoffee.es\/en\/producto\/t-shirt-flat-white\/\",\"name\":\"Camiseta Flat white - NOMAD COFFEE\",\"isPartOf\":{\"@id\":\"https:\/\/subs.nomadcoffee.es\/en\/#website\"},\"primaryImageOfPage\":{\"@id\":\"https:\/\/subs.nomadcoffee.es\/en\/producto\/t-shirt-flat-white\/#primaryimage\"},\"image\":{\"@id\":\"https:\/\/subs.nomadcoffee.es\/en\/producto\/t-shirt-flat-white\/#primaryimage\"},\"thumbnailUrl\":\"https:\/\/subs.nomadcoffee.es\/wp-content\/uploads\/2022\/06\/web_merchan2.jpg\",\"datePublished\":\"2022-06-08T07:52:59+00:00\",\"dateModified\":\"2023-10-20T13:50:20+00:00\",\"description\":\"Una de las bebidas que m\u00e1s representa el caf\u00e9 de especialidad es el Flat white y con esta camiseta hemos querido hacerle un peque\u00f1o homenaje.\",\"breadcrumb\":{\"@id\":\"https:\/\/subs.nomadcoffee.es\/en\/producto\/t-shirt-flat-white\/#breadcrumb\"},\"inLanguage\":\"en-US\",\"potentialAction\":[{\"@type\":\"ReadAction\",\"target\":[\"https:\/\/subs.nomadcoffee.es\/en\/producto\/t-shirt-flat-white\/\"]}]},{\"@type\":\"ImageObject\",\"inLanguage\":\"en-US\",\"@id\":\"https:\/\/subs.nomadcoffee.es\/en\/producto\/t-shirt-flat-white\/#primaryimage\",\"url\":\"https:\/\/subs.nomadcoffee.es\/wp-content\/uploads\/2022\/06\/web_merchan2.jpg\",\"contentUrl\":\"https:\/\/subs.nomadcoffee.es\/wp-content\/uploads\/2022\/06\/web_merchan2.jpg\",\"width\":1500,\"height\":1500,\"caption\":\"FLAT_WHITE_T-SHIRT_NOMAD_COFFEE\"},{\"@type\":\"BreadcrumbList\",\"@id\":\"https:\/\/subs.nomadcoffee.es\/en\/producto\/t-shirt-flat-white\/#breadcrumb\",\"itemListElement\":[{\"@type\":\"ListItem\",\"position\":1,\"name\":\"Portada\",\"item\":\"https:\/\/subs.nomadcoffee.es\/en\/\"},{\"@type\":\"ListItem\",\"position\":2,\"name\":\"Tienda\",\"item\":\"https:\/\/subs.nomadcoffee.es\/tienda\/\"},{\"@type\":\"ListItem\",\"position\":3,\"name\":\"Camiseta Flat white\"}]},{\"@type\":\"WebSite\",\"@id\":\"https:\/\/subs.nomadcoffee.es\/en\/#website\",\"url\":\"https:\/\/subs.nomadcoffee.es\/en\/\",\"name\":\"Nomad Coffee\",\"description\":\"Caf\u00e9 de origen reci\u00e9n tostado en Barcelona\",\"publisher\":{\"@id\":\"https:\/\/subs.nomadcoffee.es\/en\/#organization\"},\"alternateName\":\"Nomad Coffee\",\"potentialAction\":[{\"@type\":\"SearchAction\",\"target\":{\"@type\":\"EntryPoint\",\"urlTemplate\":\"https:\/\/subs.nomadcoffee.es\/en\/?s={search_term_string}\"},\"query-input\":\"required name=search_term_string\"}],\"inLanguage\":\"en-US\"},{\"@type\":\"Organization\",\"@id\":\"https:\/\/subs.nomadcoffee.es\/en\/#organization\",\"name\":\"Nomad Coffee\",\"alternateName\":\"Nomad Coffee\",\"url\":\"https:\/\/subs.nomadcoffee.es\/en\/\",\"logo\":{\"@type\":\"ImageObject\",\"inLanguage\":\"en-US\",\"@id\":\"https:\/\/subs.nomadcoffee.es\/en\/#\/schema\/logo\/image\/\",\"url\":\"https:\/\/nomadcoffee.es\/wp-content\/uploads\/2023\/05\/logo-Nomad.jpg\",\"contentUrl\":\"https:\/\/nomadcoffee.es\/wp-content\/uploads\/2023\/05\/logo-Nomad.jpg\",\"width\":200,\"height\":200,\"caption\":\"Nomad Coffee\"},\"image\":{\"@id\":\"https:\/\/subs.nomadcoffee.es\/en\/#\/schema\/logo\/image\/\"}}]}<\/script>\n<!-- \/ Yoast SEO plugin. -->","yoast_head_json":{"title":"Camiseta Flat white - NOMAD COFFEE","description":"Una de las bebidas que m\u00e1s representa el caf\u00e9 de especialidad es el Flat white y con esta camiseta hemos querido hacerle un peque\u00f1o homenaje.","robots":{"index":"noindex","follow":"follow","max-snippet":"max-snippet:-1","max-image-preview":"max-image-preview:large","max-video-preview":"max-video-preview:-1"},"og_locale":"en_US","og_type":"article","og_title":"Camiseta Flat white - NOMAD COFFEE","og_description":"Una de las bebidas que m\u00e1s representa el caf\u00e9 de especialidad es el Flat white y con esta camiseta hemos querido hacerle un peque\u00f1o homenaje.","og_url":"https:\/\/subs.nomadcoffee.es\/en\/producto\/t-shirt-flat-white\/","og_site_name":"NOMAD","article_modified_time":"2023-10-20T13:50:20+00:00","og_image":[{"width":1500,"height":1500,"url":"https:\/\/subs.nomadcoffee.es\/wp-content\/uploads\/2022\/06\/web_merchan2.jpg","type":"image\/jpeg"}],"twitter_card":"summary_large_image","schema":{"@context":"https:\/\/schema.org","@graph":[{"@type":"WebPage","@id":"https:\/\/subs.nomadcoffee.es\/en\/producto\/t-shirt-flat-white\/","url":"https:\/\/subs.nomadcoffee.es\/en\/producto\/t-shirt-flat-white\/","name":"Camiseta Flat white - NOMAD COFFEE","isPartOf":{"@id":"https:\/\/subs.nomadcoffee.es\/en\/#website"},"primaryImageOfPage":{"@id":"https:\/\/subs.nomadcoffee.es\/en\/producto\/t-shirt-flat-white\/#primaryimage"},"image":{"@id":"https:\/\/subs.nomadcoffee.es\/en\/producto\/t-shirt-flat-white\/#primaryimage"},"thumbnailUrl":"https:\/\/subs.nomadcoffee.es\/wp-content\/uploads\/2022\/06\/web_merchan2.jpg","datePublished":"2022-06-08T07:52:59+00:00","dateModified":"2023-10-20T13:50:20+00:00","description":"Una de las bebidas que m\u00e1s representa el caf\u00e9 de especialidad es el Flat white y con esta camiseta hemos querido hacerle un peque\u00f1o homenaje.","breadcrumb":{"@id":"https:\/\/subs.nomadcoffee.es\/en\/producto\/t-shirt-flat-white\/#breadcrumb"},"inLanguage":"en-US","potentialAction":[{"@type":"ReadAction","target":["https:\/\/subs.nomadcoffee.es\/en\/producto\/t-shirt-flat-white\/"]}]},{"@type":"ImageObject","inLanguage":"en-US","@id":"https:\/\/subs.nomadcoffee.es\/en\/producto\/t-shirt-flat-white\/#primaryimage","url":"https:\/\/subs.nomadcoffee.es\/wp-content\/uploads\/2022\/06\/web_merchan2.jpg","contentUrl":"https:\/\/subs.nomadcoffee.es\/wp-content\/uploads\/2022\/06\/web_merchan2.jpg","width":1500,"height":1500,"caption":"FLAT_WHITE_T-SHIRT_NOMAD_COFFEE"},{"@type":"BreadcrumbList","@id":"https:\/\/subs.nomadcoffee.es\/en\/producto\/t-shirt-flat-white\/#breadcrumb","itemListElement":[{"@type":"ListItem","position":1,"name":"Portada","item":"https:\/\/subs.nomadcoffee.es\/en\/"},{"@type":"ListItem","position":2,"name":"Tienda","item":"https:\/\/subs.nomadcoffee.es\/tienda\/"},{"@type":"ListItem","position":3,"name":"Camiseta Flat white"}]},{"@type":"WebSite","@id":"https:\/\/subs.nomadcoffee.es\/en\/#website","url":"https:\/\/subs.nomadcoffee.es\/en\/","name":"Nomad Coffee","description":"Caf\u00e9 de origen reci\u00e9n tostado en Barcelona","publisher":{"@id":"https:\/\/subs.nomadcoffee.es\/en\/#organization"},"alternateName":"Nomad Coffee","potentialAction":[{"@type":"SearchAction","target":{"@type":"EntryPoint","urlTemplate":"https:\/\/subs.nomadcoffee.es\/en\/?s={search_term_string}"},"query-input":"required name=search_term_string"}],"inLanguage":"en-US"},{"@type":"Organization","@id":"https:\/\/subs.nomadcoffee.es\/en\/#organization","name":"Nomad Coffee","alternateName":"Nomad Coffee","url":"https:\/\/subs.nomadcoffee.es\/en\/","logo":{"@type":"ImageObject","inLanguage":"en-US","@id":"https:\/\/subs.nomadcoffee.es\/en\/#\/schema\/logo\/image\/","url":"https:\/\/nomadcoffee.es\/wp-content\/uploads\/2023\/05\/logo-Nomad.jpg","contentUrl":"https:\/\/nomadcoffee.es\/wp-content\/uploads\/2023\/05\/logo-Nomad.jpg","width":200,"height":200,"caption":"Nomad Coffee"},"image":{"@id":"https:\/\/subs.nomadcoffee.es\/en\/#\/schema\/logo\/image\/"}}]}},"_links":{"self":[{"href":"https:\/\/subs.nomadcoffee.es\/en\/wp-json\/wp\/v2\/product\/69043"}],"collection":[{"href":"https:\/\/subs.nomadcoffee.es\/en\/wp-json\/wp\/v2\/product"}],"about":[{"href":"https:\/\/subs.nomadcoffee.es\/en\/wp-json\/wp\/v2\/types\/product"}],"wp:featuredmedia":[{"embeddable":true,"href":"https:\/\/subs.nomadcoffee.es\/en\/wp-json\/wp\/v2\/media\/70238"}],"wp:attachment":[{"href":"https:\/\/subs.nomadcoffee.es\/en\/wp-json\/wp\/v2\/media?parent=69043"}],"wp:term":[{"taxonomy":"product_cat","embeddable":true,"href":"https:\/\/subs.nomadcoffee.es\/en\/wp-json\/wp\/v2\/product_cat?post=69043"},{"taxonomy":"product_tag","embeddable":true,"href":"https:\/\/subs.nomadcoffee.es\/en\/wp-json\/wp\/v2\/product_tag?post=69043"}],"curies":[{"name":"wp","href":"https:\/\/api.w.org\/{rel}","templated":true}]}}