{"id":86646,"date":"2023-10-09T16:25:32","date_gmt":"2023-10-09T14:25:32","guid":{"rendered":"https:\/\/nomadcoffee.es\/?post_type=product&#038;p=86646"},"modified":"2023-10-19T09:19:40","modified_gmt":"2023-10-19T07:19:40","slug":"el-corozal","status":"publish","type":"product","link":"https:\/\/subs.nomadcoffee.es\/en\/producto\/el-corozal\/","title":{"rendered":"El Corozal"},"content":{"rendered":"<p>Delf\u00edn Carvajal, from Finca El Corozal in Garz\u00f3n, Huila, is an ambitious and talented coffee producer. He placed in the top ten in the Colombia Huila M\u00e1gico 2020 competition, and in fifth place in the third edition.<\/p>\n<p>Located at an altitude of more than 1500 meters, Finca El Corozal extends over 3 hectares and grows 20,000 trees, including the Caturra, Castillo and Colombia varieties. Run by Delf\u00edn&#8217;s brother, Euclides Carvajal, the farm is a family inheritance and since 2004 the two brothers have been working on improving the quality of the coffee.<\/p>\n<p>One of the most interesting projects in which Delf\u00edn has been involved has been trying to optimize the drying process of the most special coffees to better preserve their physical and sensory characteristics. <\/p>\n<p>In this way he embarked on a project focused on mechanical drying, for which he had to seek external economic resources for its possible implementation after carrying out various market and financial studies. With the support of the Colombian company Metalcol, Delf\u00edn was able to make some technical adjustments to ensure the conservation of the grain during mechanical drying. This innovation achieved approval of the project and the necessary loan, recognizing its potential impact on the country&#8217;s economy.<\/p>\n<p>Ongoing audits confirmed the success of the project over time, allowing Delf\u00edn to expand its efforts in specialty coffee production.<\/p>\n<p>In addition, Delf\u00edn established an association of more than 20 members in the region, promoting the planting of various varieties and the collaborative marketing of coffee. This collective effort not only benefits individual farmers but also contributes to the local economy of the region.<\/p>\n<p><b>Process<\/b><\/p>\n<p>Delf\u00edn\u2019s fermentation process for his natural coffee involves 14 hours in cherries, followed by 8-12 days on solar dryers. The process is completed with 32 hours of mechanical drying at 36\u00b0C.<\/p>\n","protected":false},"excerpt":{"rendered":"<p>Delf\u00edn Carvajal, from Finca El Corozal in Garz\u00f3n, Huila, is an ambitious and talented coffee producer. He placed in the [&hellip;]<\/p>\n","protected":false},"featured_media":86613,"template":"","meta":[],"product_cat":[138],"product_tag":[1652,566,1328],"acf":[],"yoast_head":"<!-- This site is optimized with the Yoast SEO plugin v22.6 - https:\/\/yoast.com\/wordpress\/plugins\/seo\/ -->\n<title>Specialty coffee - El Corozal - NOMAD COFFEE<\/title>\n<meta name=\"description\" content=\"Corozal is a speciality coffee with sweet notes of caramelised nuts and honey and a juicy body reminiscent of Paraguayan coffee.\" \/>\n<meta name=\"robots\" content=\"noindex, follow, max-snippet:-1, max-image-preview:large, max-video-preview:-1\" \/>\n<meta property=\"og:locale\" content=\"en_US\" \/>\n<meta property=\"og:type\" content=\"article\" \/>\n<meta property=\"og:title\" content=\"Specialty coffee - El Corozal - NOMAD COFFEE\" \/>\n<meta property=\"og:description\" content=\"Corozal is a speciality coffee with sweet notes of caramelised nuts and honey and a juicy body reminiscent of Paraguayan coffee.\" \/>\n<meta property=\"og:url\" content=\"https:\/\/subs.nomadcoffee.es\/en\/producto\/el-corozal\/\" \/>\n<meta property=\"og:site_name\" content=\"NOMAD\" \/>\n<meta property=\"article:modified_time\" content=\"2023-10-19T07:19:40+00:00\" \/>\n<meta property=\"og:image\" content=\"https:\/\/subs.nomadcoffee.es\/wp-content\/uploads\/2023\/10\/F.CO_.COR_.jpg\" \/>\n\t<meta property=\"og:image:width\" content=\"2000\" \/>\n\t<meta property=\"og:image:height\" content=\"2000\" \/>\n\t<meta property=\"og:image:type\" content=\"image\/jpeg\" \/>\n<meta name=\"twitter:card\" content=\"summary_large_image\" \/>\n<meta name=\"twitter:label1\" content=\"Est. reading time\" \/>\n\t<meta name=\"twitter:data1\" content=\"2 minutes\" \/>\n<script type=\"application\/ld+json\" class=\"yoast-schema-graph\">{\"@context\":\"https:\/\/schema.org\",\"@graph\":[{\"@type\":\"WebPage\",\"@id\":\"https:\/\/subs.nomadcoffee.es\/en\/producto\/el-corozal\/\",\"url\":\"https:\/\/subs.nomadcoffee.es\/en\/producto\/el-corozal\/\",\"name\":\"Specialty coffee - El Corozal - NOMAD COFFEE\",\"isPartOf\":{\"@id\":\"https:\/\/subs.nomadcoffee.es\/en\/#website\"},\"primaryImageOfPage\":{\"@id\":\"https:\/\/subs.nomadcoffee.es\/en\/producto\/el-corozal\/#primaryimage\"},\"image\":{\"@id\":\"https:\/\/subs.nomadcoffee.es\/en\/producto\/el-corozal\/#primaryimage\"},\"thumbnailUrl\":\"https:\/\/subs.nomadcoffee.es\/wp-content\/uploads\/2023\/10\/F.CO_.COR_.jpg\",\"datePublished\":\"2023-10-09T14:25:32+00:00\",\"dateModified\":\"2023-10-19T07:19:40+00:00\",\"description\":\"Corozal is a speciality coffee with sweet notes of caramelised nuts and honey and a juicy body reminiscent of Paraguayan coffee.\",\"breadcrumb\":{\"@id\":\"https:\/\/subs.nomadcoffee.es\/en\/producto\/el-corozal\/#breadcrumb\"},\"inLanguage\":\"en-US\",\"potentialAction\":[{\"@type\":\"ReadAction\",\"target\":[\"https:\/\/subs.nomadcoffee.es\/en\/producto\/el-corozal\/\"]}]},{\"@type\":\"ImageObject\",\"inLanguage\":\"en-US\",\"@id\":\"https:\/\/subs.nomadcoffee.es\/en\/producto\/el-corozal\/#primaryimage\",\"url\":\"https:\/\/subs.nomadcoffee.es\/wp-content\/uploads\/2023\/10\/F.CO_.COR_.jpg\",\"contentUrl\":\"https:\/\/subs.nomadcoffee.es\/wp-content\/uploads\/2023\/10\/F.CO_.COR_.jpg\",\"width\":2000,\"height\":2000},{\"@type\":\"BreadcrumbList\",\"@id\":\"https:\/\/subs.nomadcoffee.es\/en\/producto\/el-corozal\/#breadcrumb\",\"itemListElement\":[{\"@type\":\"ListItem\",\"position\":1,\"name\":\"Portada\",\"item\":\"https:\/\/subs.nomadcoffee.es\/en\/\"},{\"@type\":\"ListItem\",\"position\":2,\"name\":\"Tienda\",\"item\":\"https:\/\/subs.nomadcoffee.es\/tienda\/\"},{\"@type\":\"ListItem\",\"position\":3,\"name\":\"El Corozal\"}]},{\"@type\":\"WebSite\",\"@id\":\"https:\/\/subs.nomadcoffee.es\/en\/#website\",\"url\":\"https:\/\/subs.nomadcoffee.es\/en\/\",\"name\":\"Nomad Coffee\",\"description\":\"Caf\u00e9 de origen reci\u00e9n tostado en Barcelona\",\"publisher\":{\"@id\":\"https:\/\/subs.nomadcoffee.es\/en\/#organization\"},\"alternateName\":\"Nomad Coffee\",\"potentialAction\":[{\"@type\":\"SearchAction\",\"target\":{\"@type\":\"EntryPoint\",\"urlTemplate\":\"https:\/\/subs.nomadcoffee.es\/en\/?s={search_term_string}\"},\"query-input\":\"required name=search_term_string\"}],\"inLanguage\":\"en-US\"},{\"@type\":\"Organization\",\"@id\":\"https:\/\/subs.nomadcoffee.es\/en\/#organization\",\"name\":\"Nomad Coffee\",\"alternateName\":\"Nomad Coffee\",\"url\":\"https:\/\/subs.nomadcoffee.es\/en\/\",\"logo\":{\"@type\":\"ImageObject\",\"inLanguage\":\"en-US\",\"@id\":\"https:\/\/subs.nomadcoffee.es\/en\/#\/schema\/logo\/image\/\",\"url\":\"https:\/\/nomadcoffee.es\/wp-content\/uploads\/2023\/05\/logo-Nomad.jpg\",\"contentUrl\":\"https:\/\/nomadcoffee.es\/wp-content\/uploads\/2023\/05\/logo-Nomad.jpg\",\"width\":200,\"height\":200,\"caption\":\"Nomad Coffee\"},\"image\":{\"@id\":\"https:\/\/subs.nomadcoffee.es\/en\/#\/schema\/logo\/image\/\"}}]}<\/script>\n<!-- \/ Yoast SEO plugin. -->","yoast_head_json":{"title":"Specialty coffee - El Corozal - NOMAD COFFEE","description":"Corozal is a speciality coffee with sweet notes of caramelised nuts and honey and a juicy body reminiscent of Paraguayan coffee.","robots":{"index":"noindex","follow":"follow","max-snippet":"max-snippet:-1","max-image-preview":"max-image-preview:large","max-video-preview":"max-video-preview:-1"},"og_locale":"en_US","og_type":"article","og_title":"Specialty coffee - El Corozal - NOMAD COFFEE","og_description":"Corozal is a speciality coffee with sweet notes of caramelised nuts and honey and a juicy body reminiscent of Paraguayan coffee.","og_url":"https:\/\/subs.nomadcoffee.es\/en\/producto\/el-corozal\/","og_site_name":"NOMAD","article_modified_time":"2023-10-19T07:19:40+00:00","og_image":[{"width":2000,"height":2000,"url":"https:\/\/subs.nomadcoffee.es\/wp-content\/uploads\/2023\/10\/F.CO_.COR_.jpg","type":"image\/jpeg"}],"twitter_card":"summary_large_image","twitter_misc":{"Est. reading time":"2 minutes"},"schema":{"@context":"https:\/\/schema.org","@graph":[{"@type":"WebPage","@id":"https:\/\/subs.nomadcoffee.es\/en\/producto\/el-corozal\/","url":"https:\/\/subs.nomadcoffee.es\/en\/producto\/el-corozal\/","name":"Specialty coffee - El Corozal - NOMAD COFFEE","isPartOf":{"@id":"https:\/\/subs.nomadcoffee.es\/en\/#website"},"primaryImageOfPage":{"@id":"https:\/\/subs.nomadcoffee.es\/en\/producto\/el-corozal\/#primaryimage"},"image":{"@id":"https:\/\/subs.nomadcoffee.es\/en\/producto\/el-corozal\/#primaryimage"},"thumbnailUrl":"https:\/\/subs.nomadcoffee.es\/wp-content\/uploads\/2023\/10\/F.CO_.COR_.jpg","datePublished":"2023-10-09T14:25:32+00:00","dateModified":"2023-10-19T07:19:40+00:00","description":"Corozal is a speciality coffee with sweet notes of caramelised nuts and honey and a juicy body reminiscent of Paraguayan coffee.","breadcrumb":{"@id":"https:\/\/subs.nomadcoffee.es\/en\/producto\/el-corozal\/#breadcrumb"},"inLanguage":"en-US","potentialAction":[{"@type":"ReadAction","target":["https:\/\/subs.nomadcoffee.es\/en\/producto\/el-corozal\/"]}]},{"@type":"ImageObject","inLanguage":"en-US","@id":"https:\/\/subs.nomadcoffee.es\/en\/producto\/el-corozal\/#primaryimage","url":"https:\/\/subs.nomadcoffee.es\/wp-content\/uploads\/2023\/10\/F.CO_.COR_.jpg","contentUrl":"https:\/\/subs.nomadcoffee.es\/wp-content\/uploads\/2023\/10\/F.CO_.COR_.jpg","width":2000,"height":2000},{"@type":"BreadcrumbList","@id":"https:\/\/subs.nomadcoffee.es\/en\/producto\/el-corozal\/#breadcrumb","itemListElement":[{"@type":"ListItem","position":1,"name":"Portada","item":"https:\/\/subs.nomadcoffee.es\/en\/"},{"@type":"ListItem","position":2,"name":"Tienda","item":"https:\/\/subs.nomadcoffee.es\/tienda\/"},{"@type":"ListItem","position":3,"name":"El Corozal"}]},{"@type":"WebSite","@id":"https:\/\/subs.nomadcoffee.es\/en\/#website","url":"https:\/\/subs.nomadcoffee.es\/en\/","name":"Nomad Coffee","description":"Caf\u00e9 de origen reci\u00e9n tostado en Barcelona","publisher":{"@id":"https:\/\/subs.nomadcoffee.es\/en\/#organization"},"alternateName":"Nomad Coffee","potentialAction":[{"@type":"SearchAction","target":{"@type":"EntryPoint","urlTemplate":"https:\/\/subs.nomadcoffee.es\/en\/?s={search_term_string}"},"query-input":"required name=search_term_string"}],"inLanguage":"en-US"},{"@type":"Organization","@id":"https:\/\/subs.nomadcoffee.es\/en\/#organization","name":"Nomad Coffee","alternateName":"Nomad Coffee","url":"https:\/\/subs.nomadcoffee.es\/en\/","logo":{"@type":"ImageObject","inLanguage":"en-US","@id":"https:\/\/subs.nomadcoffee.es\/en\/#\/schema\/logo\/image\/","url":"https:\/\/nomadcoffee.es\/wp-content\/uploads\/2023\/05\/logo-Nomad.jpg","contentUrl":"https:\/\/nomadcoffee.es\/wp-content\/uploads\/2023\/05\/logo-Nomad.jpg","width":200,"height":200,"caption":"Nomad Coffee"},"image":{"@id":"https:\/\/subs.nomadcoffee.es\/en\/#\/schema\/logo\/image\/"}}]}},"_links":{"self":[{"href":"https:\/\/subs.nomadcoffee.es\/en\/wp-json\/wp\/v2\/product\/86646"}],"collection":[{"href":"https:\/\/subs.nomadcoffee.es\/en\/wp-json\/wp\/v2\/product"}],"about":[{"href":"https:\/\/subs.nomadcoffee.es\/en\/wp-json\/wp\/v2\/types\/product"}],"wp:featuredmedia":[{"embeddable":true,"href":"https:\/\/subs.nomadcoffee.es\/en\/wp-json\/wp\/v2\/media\/86613"}],"wp:attachment":[{"href":"https:\/\/subs.nomadcoffee.es\/en\/wp-json\/wp\/v2\/media?parent=86646"}],"wp:term":[{"taxonomy":"product_cat","embeddable":true,"href":"https:\/\/subs.nomadcoffee.es\/en\/wp-json\/wp\/v2\/product_cat?post=86646"},{"taxonomy":"product_tag","embeddable":true,"href":"https:\/\/subs.nomadcoffee.es\/en\/wp-json\/wp\/v2\/product_tag?post=86646"}],"curies":[{"name":"wp","href":"https:\/\/api.w.org\/{rel}","templated":true}]}}